{"id":1006,"date":"2022-02-21T11:34:52","date_gmt":"2022-02-21T11:34:52","guid":{"rendered":"https:\/\/imima.honeymoon-production.de\/?page_id=1006"},"modified":"2025-08-12T05:42:05","modified_gmt":"2025-08-12T05:42:05","slug":"impressum","status":"publish","type":"page","link":"https:\/\/imima.de\/en\/kontakt\/impressum","title":{"rendered":"Imprint"},"content":{"rendered":"<div data-elementor-type=\"wp-page\" data-elementor-id=\"1006\" class=\"elementor elementor-1006\" data-elementor-post-type=\"page\">\n\t\t\t\t\t\t<section class=\"elementor-section elementor-top-section elementor-element elementor-element-3f33fc1 elementor-section-boxed elementor-section-height-default elementor-section-height-default\" data-id=\"3f33fc1\" data-element_type=\"section\" data-settings=\"{&quot;background_background&quot;:&quot;classic&quot;}\">\n\t\t\t\t\t\t<div class=\"elementor-container elementor-column-gap-default\">\n\t\t\t\t\t<div class=\"elementor-column elementor-col-100 elementor-top-column elementor-element elementor-element-345af3c\" data-id=\"345af3c\" data-element_type=\"column\" data-settings=\"{&quot;background_background&quot;:&quot;classic&quot;}\">\n\t\t\t<div class=\"elementor-widget-wrap elementor-element-populated\">\n\t\t\t\t\t\t<div class=\"elementor-element elementor-element-cbf8c58 elementor-invisible elementor-widget elementor-widget-heading\" data-id=\"cbf8c58\" data-element_type=\"widget\" data-settings=\"{&quot;_animation&quot;:&quot;fadeInUp&quot;}\" data-widget_type=\"heading.default\">\n\t\t\t\t<div class=\"elementor-widget-container\">\n\t\t\t\t\t<h3 class=\"elementor-heading-title elementor-size-default\">Imprint<\/h3>\t\t\t\t<\/div>\n\t\t\t\t<\/div>\n\t\t\t\t<section class=\"elementor-section elementor-inner-section elementor-element elementor-element-c36e6a7 elementor-section-content-middle elementor-section-boxed elementor-section-height-default elementor-section-height-default\" data-id=\"c36e6a7\" data-element_type=\"section\">\n\t\t\t\t\t\t<div class=\"elementor-container elementor-column-gap-no\">\n\t\t\t\t\t<div class=\"elementor-column elementor-col-50 elementor-inner-column elementor-element elementor-element-11856a3\" data-id=\"11856a3\" data-element_type=\"column\">\n\t\t\t<div class=\"elementor-widget-wrap elementor-element-populated\">\n\t\t\t\t\t\t<div class=\"elementor-element elementor-element-9656a88 elementor-widget elementor-widget-text-editor\" data-id=\"9656a88\" data-element_type=\"widget\" data-widget_type=\"text-editor.default\">\n\t\t\t\t<div class=\"elementor-widget-container\">\n\t\t\t\t\t\t\t\t\t<p><strong>imima GmbH<\/strong><br \/>Schwarz\u00e4ckerstr. 41<br \/>82178 Puchheim, Germany<\/p><p>Email: <a href=\"mailto:info@imima.de\">info@imima.de<\/a>\u00a0<\/p><p>Phone: +49 (0)89 58808888<\/p><p>represented by: Marvin Thoma<\/p><p>VAT identification number (\u00a727a UStG): DE301015469<\/p><p>Register entry<br \/>Entry in the commercial register<br \/>Register court: Local court Munich<br \/>Register number: HRB 219590<\/p><p>Supervisory authority: <br \/>Regional government of Upper Bavaria, feed monitoring<\/p><p>Sources of the images and graphics used:<\/p><p>S.I.N. Hellas, Anastasiadi D. Afoi<br \/>Shutterstock<br \/>123RF<br \/>imima GmbH<\/p>\t\t\t\t\t\t\t\t<\/div>\n\t\t\t\t<\/div>\n\t\t\t\t\t<\/div>\n\t\t<\/div>\n\t\t\t\t<div class=\"elementor-column elementor-col-50 elementor-inner-column elementor-element elementor-element-6b40874\" data-id=\"6b40874\" data-element_type=\"column\" data-settings=\"{&quot;background_background&quot;:&quot;classic&quot;}\">\n\t\t\t<div class=\"elementor-widget-wrap elementor-element-populated\">\n\t\t\t\t\t<div class=\"elementor-background-overlay\"><\/div>\n\t\t\t\t\t\t<div class=\"elementor-element elementor-element-b0db549 elementor-view-default elementor-widget elementor-widget-icon\" data-id=\"b0db549\" data-element_type=\"widget\" data-widget_type=\"icon.default\">\n\t\t\t\t<div class=\"elementor-widget-container\">\n\t\t\t\t\t\t\t<div class=\"elementor-icon-wrapper\">\n\t\t\t<a class=\"elementor-icon\" href=\"tel:+498954662244\" target=\"_blank\" title=\"How to find us on Google Maps\">\n\t\t\t<i aria-hidden=\"true\" class=\"fas fa-phone\"><\/i>\t\t\t<\/a>\n\t\t<\/div>\n\t\t\t\t\t\t<\/div>\n\t\t\t\t<\/div>\n\t\t\t\t<div class=\"elementor-element elementor-element-59174f0 elementor-widget elementor-widget-text-editor\" data-id=\"59174f0\" data-element_type=\"widget\" data-widget_type=\"text-editor.default\">\n\t\t\t\t<div class=\"elementor-widget-container\">\n\t\t\t\t\t\t\t\t\t<p>Phone: +49 (0)89 58808888<\/p>\t\t\t\t\t\t\t\t<\/div>\n\t\t\t\t<\/div>\n\t\t\t\t<div class=\"elementor-element elementor-element-09a5b1c elementor-view-default elementor-widget elementor-widget-icon\" data-id=\"09a5b1c\" data-element_type=\"widget\" data-widget_type=\"icon.default\">\n\t\t\t\t<div class=\"elementor-widget-container\">\n\t\t\t\t\t\t\t<div class=\"elementor-icon-wrapper\">\n\t\t\t<a class=\"elementor-icon\" href=\"https:\/\/www.google.com\/maps\/place\/IMIMA+UG+(haftungsbeschr%C3%A4nkt)\/@48.1533736,11.2763883,12z\/data=!4m5!3m4!1s0x479dd600c7fd9a39:0xd5bfc692876f2ced!8m2!3d48.15337!4d11.3464261\" target=\"_blank\" title=\"How to find us on Google Maps\">\n\t\t\t<i aria-hidden=\"true\" class=\"fas fa-map-marker-alt\"><\/i>\t\t\t<\/a>\n\t\t<\/div>\n\t\t\t\t\t\t<\/div>\n\t\t\t\t<\/div>\n\t\t\t\t<div class=\"elementor-element elementor-element-1701e88 elementor-widget elementor-widget-text-editor\" data-id=\"1701e88\" data-element_type=\"widget\" data-widget_type=\"text-editor.default\">\n\t\t\t\t<div class=\"elementor-widget-container\">\n\t\t\t\t\t\t\t\t\t<p>imima GmbH<br \/>Schwarz\u00e4ckerstr. 41<br \/>82178 Puchheim, Germany<\/p>\t\t\t\t\t\t\t\t<\/div>\n\t\t\t\t<\/div>\n\t\t\t\t<div class=\"elementor-element elementor-element-c9e28da elementor-view-default elementor-widget elementor-widget-icon\" data-id=\"c9e28da\" data-element_type=\"widget\" data-widget_type=\"icon.default\">\n\t\t\t\t<div class=\"elementor-widget-container\">\n\t\t\t\t\t\t\t<div class=\"elementor-icon-wrapper\">\n\t\t\t<div class=\"elementor-icon\">\n\t\t\t<i aria-hidden=\"true\" class=\"fas fa-envelope\"><\/i>\t\t\t<\/div>\n\t\t<\/div>\n\t\t\t\t\t\t<\/div>\n\t\t\t\t<\/div>\n\t\t\t\t<div class=\"elementor-element elementor-element-a47566f elementor-widget elementor-widget-text-editor\" data-id=\"a47566f\" data-element_type=\"widget\" data-widget_type=\"text-editor.default\">\n\t\t\t\t<div class=\"elementor-widget-container\">\n\t\t\t\t\t\t\t\t\t<p>Email: info@imima.de<\/p>\t\t\t\t\t\t\t\t<\/div>\n\t\t\t\t<\/div>\n\t\t\t\t\t<\/div>\n\t\t<\/div>\n\t\t\t\t\t<\/div>\n\t\t<\/section>\n\t\t\t\t\t<\/div>\n\t\t<\/div>\n\t\t\t\t\t<\/div>\n\t\t<\/section>\n\t\t\t\t<\/div>","protected":false},"excerpt":{"rendered":"<p>Impressum imima GmbHSchwarz\u00e4ckerstr. 4182178 Puchheim Email: info@imima.de\u00a0 Tel.: +49 (0)89 58808888 vertreten durch: Marvin Thoma Umsatzsteuer-Identifikationsnummer gem. \u00a727a UStG: DE301015469 Registereintrag:Eintragung im HandelsregisterRegistergericht: Amtsgericht M\u00fcnchenRegisternummer: HRB 219590 Aufsichtsbeh\u00f6rde: Regierung von Oberbayern, Futtermittel\u00fcberwachung Quellenangaben der verwendeten Bilder und Grafiken: S.I.N. Hellas, Anastasiadi D. AfoiShutterstock123RFDINOS SAPOUNAS \u2013 ART Studio Tel.: +49 (0)89 58808888 imima GmbHSchwarz\u00e4ckerstr. 4182178 Puchheim [&hellip;]<\/p>","protected":false},"author":1,"featured_media":0,"parent":964,"menu_order":0,"comment_status":"closed","ping_status":"closed","template":"elementor_header_footer","meta":{"_acf_changed":false,"footnotes":""},"class_list":["post-1006","page","type-page","status-publish","hentry"],"acf":[],"yoast_head":"<!-- This site is optimized with the Yoast SEO plugin v27.3 - https:\/\/yoast.com\/product\/yoast-seo-wordpress\/ -->\n<title>Impressum - imima<\/title>\n<meta name=\"robots\" content=\"index, follow, max-snippet:-1, max-image-preview:large, max-video-preview:-1\" \/>\n<link rel=\"canonical\" href=\"https:\/\/imima.de\/en\/kontakt\/impressum\" \/>\n<meta property=\"og:locale\" content=\"en_GB\" \/>\n<meta property=\"og:type\" content=\"article\" \/>\n<meta property=\"og:title\" content=\"Impressum - imima\" \/>\n<meta property=\"og:description\" content=\"Impressum imima GmbHSchwarz\u00e4ckerstr. 4182178 Puchheim Email: info@imima.de\u00a0 Tel.: +49 (0)89 58808888 vertreten durch: Marvin Thoma Umsatzsteuer-Identifikationsnummer gem. \u00a727a UStG: DE301015469 Registereintrag:Eintragung im HandelsregisterRegistergericht: Amtsgericht M\u00fcnchenRegisternummer: HRB 219590 Aufsichtsbeh\u00f6rde: Regierung von Oberbayern, Futtermittel\u00fcberwachung Quellenangaben der verwendeten Bilder und Grafiken: S.I.N. Hellas, Anastasiadi D. AfoiShutterstock123RFDINOS SAPOUNAS \u2013 ART Studio Tel.: +49 (0)89 58808888 imima GmbHSchwarz\u00e4ckerstr. 4182178 Puchheim [&hellip;]\" \/>\n<meta property=\"og:url\" content=\"https:\/\/imima.de\/en\/kontakt\/impressum\" \/>\n<meta property=\"og:site_name\" content=\"imima\" \/>\n<meta property=\"article:modified_time\" content=\"2025-08-12T05:42:05+00:00\" \/>\n<meta name=\"twitter:card\" content=\"summary_large_image\" \/>\n<meta name=\"twitter:label1\" content=\"Estimated reading time\" \/>\n\t<meta name=\"twitter:data1\" content=\"1 minute\" \/>\n<script type=\"application\/ld+json\" class=\"yoast-schema-graph\">{\"@context\":\"https:\\\/\\\/schema.org\",\"@graph\":[{\"@type\":\"WebPage\",\"@id\":\"https:\\\/\\\/imima.de\\\/kontakt\\\/impressum\",\"url\":\"https:\\\/\\\/imima.de\\\/kontakt\\\/impressum\",\"name\":\"Impressum - imima\",\"isPartOf\":{\"@id\":\"https:\\\/\\\/imima.de\\\/en\\\/#website\"},\"datePublished\":\"2022-02-21T11:34:52+00:00\",\"dateModified\":\"2025-08-12T05:42:05+00:00\",\"breadcrumb\":{\"@id\":\"https:\\\/\\\/imima.de\\\/kontakt\\\/impressum#breadcrumb\"},\"inLanguage\":\"en-GB\",\"potentialAction\":[{\"@type\":\"ReadAction\",\"target\":[\"https:\\\/\\\/imima.de\\\/kontakt\\\/impressum\"]}]},{\"@type\":\"BreadcrumbList\",\"@id\":\"https:\\\/\\\/imima.de\\\/kontakt\\\/impressum#breadcrumb\",\"itemListElement\":[{\"@type\":\"ListItem\",\"position\":1,\"name\":\"Startseite\",\"item\":\"https:\\\/\\\/imima.de\\\/\"},{\"@type\":\"ListItem\",\"position\":2,\"name\":\"Kontakt\",\"item\":\"https:\\\/\\\/imima.de\\\/kontakt\"},{\"@type\":\"ListItem\",\"position\":3,\"name\":\"Impressum\"}]},{\"@type\":\"WebSite\",\"@id\":\"https:\\\/\\\/imima.de\\\/en\\\/#website\",\"url\":\"https:\\\/\\\/imima.de\\\/en\\\/\",\"name\":\"imima\",\"description\":\"Your story, beautifully told - Created with WordPress managed by IONOS\",\"publisher\":{\"@id\":\"https:\\\/\\\/imima.de\\\/en\\\/#organization\"},\"potentialAction\":[{\"@type\":\"SearchAction\",\"target\":{\"@type\":\"EntryPoint\",\"urlTemplate\":\"https:\\\/\\\/imima.de\\\/en\\\/?s={search_term_string}\"},\"query-input\":{\"@type\":\"PropertyValueSpecification\",\"valueRequired\":true,\"valueName\":\"search_term_string\"}}],\"inLanguage\":\"en-GB\"},{\"@type\":\"Organization\",\"@id\":\"https:\\\/\\\/imima.de\\\/en\\\/#organization\",\"name\":\"imima\",\"url\":\"https:\\\/\\\/imima.de\\\/en\\\/\",\"logo\":{\"@type\":\"ImageObject\",\"inLanguage\":\"en-GB\",\"@id\":\"https:\\\/\\\/imima.de\\\/en\\\/#\\\/schema\\\/logo\\\/image\\\/\",\"url\":\"https:\\\/\\\/imima.de\\\/wp-content\\\/uploads\\\/2021\\\/12\\\/logo-transparent.png\",\"contentUrl\":\"https:\\\/\\\/imima.de\\\/wp-content\\\/uploads\\\/2021\\\/12\\\/logo-transparent.png\",\"width\":1193,\"height\":531,\"caption\":\"imima\"},\"image\":{\"@id\":\"https:\\\/\\\/imima.de\\\/en\\\/#\\\/schema\\\/logo\\\/image\\\/\"}}]}<\/script>\n<!-- \/ Yoast SEO plugin. -->","yoast_head_json":{"title":"Imprint - imima","robots":{"index":"index","follow":"follow","max-snippet":"max-snippet:-1","max-image-preview":"max-image-preview:large","max-video-preview":"max-video-preview:-1"},"canonical":"https:\/\/imima.de\/en\/kontakt\/impressum","og_locale":"en_GB","og_type":"article","og_title":"Impressum - imima","og_description":"Impressum imima GmbHSchwarz\u00e4ckerstr. 4182178 Puchheim Email: info@imima.de\u00a0 Tel.: +49 (0)89 58808888 vertreten durch: Marvin Thoma Umsatzsteuer-Identifikationsnummer gem. \u00a727a UStG: DE301015469 Registereintrag:Eintragung im HandelsregisterRegistergericht: Amtsgericht M\u00fcnchenRegisternummer: HRB 219590 Aufsichtsbeh\u00f6rde: Regierung von Oberbayern, Futtermittel\u00fcberwachung Quellenangaben der verwendeten Bilder und Grafiken: S.I.N. Hellas, Anastasiadi D. AfoiShutterstock123RFDINOS SAPOUNAS \u2013 ART Studio Tel.: +49 (0)89 58808888 imima GmbHSchwarz\u00e4ckerstr. 4182178 Puchheim [&hellip;]","og_url":"https:\/\/imima.de\/en\/kontakt\/impressum","og_site_name":"imima","article_modified_time":"2025-08-12T05:42:05+00:00","twitter_card":"summary_large_image","twitter_misc":{"Estimated reading time":"1 minute"},"schema":{"@context":"https:\/\/schema.org","@graph":[{"@type":"WebPage","@id":"https:\/\/imima.de\/kontakt\/impressum","url":"https:\/\/imima.de\/kontakt\/impressum","name":"Imprint - imima","isPartOf":{"@id":"https:\/\/imima.de\/en\/#website"},"datePublished":"2022-02-21T11:34:52+00:00","dateModified":"2025-08-12T05:42:05+00:00","breadcrumb":{"@id":"https:\/\/imima.de\/kontakt\/impressum#breadcrumb"},"inLanguage":"en-GB","potentialAction":[{"@type":"ReadAction","target":["https:\/\/imima.de\/kontakt\/impressum"]}]},{"@type":"BreadcrumbList","@id":"https:\/\/imima.de\/kontakt\/impressum#breadcrumb","itemListElement":[{"@type":"ListItem","position":1,"name":"Startseite","item":"https:\/\/imima.de\/"},{"@type":"ListItem","position":2,"name":"Kontakt","item":"https:\/\/imima.de\/kontakt"},{"@type":"ListItem","position":3,"name":"Impressum"}]},{"@type":"WebSite","@id":"https:\/\/imima.de\/en\/#website","url":"https:\/\/imima.de\/en\/","name":"imima","description":"Your story, beautifully told - Created with WordPress managed by IONOS","publisher":{"@id":"https:\/\/imima.de\/en\/#organization"},"potentialAction":[{"@type":"SearchAction","target":{"@type":"EntryPoint","urlTemplate":"https:\/\/imima.de\/en\/?s={search_term_string}"},"query-input":{"@type":"PropertyValueSpecification","valueRequired":true,"valueName":"search_term_string"}}],"inLanguage":"en-GB"},{"@type":"Organization","@id":"https:\/\/imima.de\/en\/#organization","name":"imima","url":"https:\/\/imima.de\/en\/","logo":{"@type":"ImageObject","inLanguage":"en-GB","@id":"https:\/\/imima.de\/en\/#\/schema\/logo\/image\/","url":"https:\/\/imima.de\/wp-content\/uploads\/2021\/12\/logo-transparent.png","contentUrl":"https:\/\/imima.de\/wp-content\/uploads\/2021\/12\/logo-transparent.png","width":1193,"height":531,"caption":"imima"},"image":{"@id":"https:\/\/imima.de\/en\/#\/schema\/logo\/image\/"}}]}},"_links":{"self":[{"href":"https:\/\/imima.de\/en\/wp-json\/wp\/v2\/pages\/1006","targetHints":{"allow":["GET"]}}],"collection":[{"href":"https:\/\/imima.de\/en\/wp-json\/wp\/v2\/pages"}],"about":[{"href":"https:\/\/imima.de\/en\/wp-json\/wp\/v2\/types\/page"}],"author":[{"embeddable":true,"href":"https:\/\/imima.de\/en\/wp-json\/wp\/v2\/users\/1"}],"replies":[{"embeddable":true,"href":"https:\/\/imima.de\/en\/wp-json\/wp\/v2\/comments?post=1006"}],"version-history":[{"count":12,"href":"https:\/\/imima.de\/en\/wp-json\/wp\/v2\/pages\/1006\/revisions"}],"predecessor-version":[{"id":3244,"href":"https:\/\/imima.de\/en\/wp-json\/wp\/v2\/pages\/1006\/revisions\/3244"}],"up":[{"embeddable":true,"href":"https:\/\/imima.de\/en\/wp-json\/wp\/v2\/pages\/964"}],"wp:attachment":[{"href":"https:\/\/imima.de\/en\/wp-json\/wp\/v2\/media?parent=1006"}],"curies":[{"name":"wp","href":"https:\/\/api.w.org\/{rel}","templated":true}]}}