{"id":1177,"date":"2022-02-25T14:18:26","date_gmt":"2022-02-25T14:18:26","guid":{"rendered":"https:\/\/imima.honeymoon-production.de\/?page_id=1177"},"modified":"2022-11-21T09:24:22","modified_gmt":"2022-11-21T09:24:22","slug":"philosphie","status":"publish","type":"page","link":"https:\/\/imima.de\/en\/philosphie","title":{"rendered":"Philosophy"},"content":{"rendered":"<div data-elementor-type=\"wp-page\" data-elementor-id=\"1177\" class=\"elementor elementor-1177\" data-elementor-post-type=\"page\">\n\t\t\t\t\t\t<section class=\"elementor-section elementor-top-section elementor-element elementor-element-c87a8f4 elementor-section-boxed elementor-section-height-default elementor-section-height-default\" data-id=\"c87a8f4\" data-element_type=\"section\" data-settings=\"{&quot;background_background&quot;:&quot;classic&quot;}\">\n\t\t\t\t\t\t<div class=\"elementor-container elementor-column-gap-default\">\n\t\t\t\t\t<div class=\"elementor-column elementor-col-100 elementor-top-column elementor-element elementor-element-3db1d7f\" data-id=\"3db1d7f\" data-element_type=\"column\" data-settings=\"{&quot;background_background&quot;:&quot;classic&quot;}\">\n\t\t\t<div class=\"elementor-widget-wrap elementor-element-populated\">\n\t\t\t\t\t\t<div class=\"elementor-element elementor-element-9fb0e4d elementor-invisible elementor-widget elementor-widget-heading\" data-id=\"9fb0e4d\" data-element_type=\"widget\" data-settings=\"{&quot;_animation&quot;:&quot;fadeInUp&quot;}\" data-widget_type=\"heading.default\">\n\t\t\t\t<div class=\"elementor-widget-container\">\n\t\t\t\t\t<h1 class=\"elementor-heading-title elementor-size-default\">Philosophy<\/h1>\t\t\t\t<\/div>\n\t\t\t\t<\/div>\n\t\t\t\t<section class=\"elementor-section elementor-inner-section elementor-element elementor-element-b284d42 elementor-section-boxed elementor-section-height-default elementor-section-height-default\" data-id=\"b284d42\" data-element_type=\"section\">\n\t\t\t\t\t\t<div class=\"elementor-container elementor-column-gap-default\">\n\t\t\t\t\t<div class=\"elementor-column elementor-col-50 elementor-inner-column elementor-element elementor-element-ee8952f\" data-id=\"ee8952f\" data-element_type=\"column\">\n\t\t\t<div class=\"elementor-widget-wrap elementor-element-populated\">\n\t\t\t\t\t\t<div class=\"elementor-element elementor-element-ee2acf7 elementor-invisible elementor-widget elementor-widget-heading\" data-id=\"ee2acf7\" data-element_type=\"widget\" data-settings=\"{&quot;_animation&quot;:&quot;fadeInUp&quot;}\" data-widget_type=\"heading.default\">\n\t\t\t\t<div class=\"elementor-widget-container\">\n\t\t\t\t\t<h2 class=\"elementor-heading-title elementor-size-default\">Free will feeding<\/h2>\t\t\t\t<\/div>\n\t\t\t\t<\/div>\n\t\t\t\t<div class=\"elementor-element elementor-element-e3ead9d elementor-widget elementor-widget-text-editor\" data-id=\"e3ead9d\" data-element_type=\"widget\" data-widget_type=\"text-editor.default\">\n\t\t\t\t<div class=\"elementor-widget-container\">\n\t\t\t\t\t\t\t\t\t<p><span style=\"font-size: 12.0pt; line-height: 107%; mso-fareast-font-family: 'Times New Roman'; mso-bidi-font-family: Calibri; mso-bidi-theme-font: minor-latin; color: #0f1111; mso-fareast-language: DE;\">Animals have a natural instinct to meet their mineral needs by seeking out different sources of nutrients to absorb <\/span><span style=\"font-size: 12.0pt; line-height: 107%; mso-bidi-font-family: Calibri; mso-bidi-theme-font: minor-latin;\">the amount of minerals and vitamins their bodies require.\u00a0<\/span><\/p><p><span style=\"background-color: var( --e-global-color-secondary ); font-size: 12pt; word-spacing: 0em;\">Lick blocks and lick tubs are very conducive to this natural instinct. The animals can use the licks at their own will (free will) and according to what they individually need.\u00a0<\/span><\/p><p>The great advantage of a \"free will\" supply is that most deficiency symptoms and resulting diseases do not occur. The animals remain vital and healthy and are more resistant to diseases.\u00a0<\/p><p><span style=\"background-color: var( --e-global-color-secondary ); font-size: 1rem; word-spacing: 0em;\">With a Lick Block Bar, the nutritional philosophy of free will feeding can be ideally implemented.<\/span><\/p>\t\t\t\t\t\t\t\t<\/div>\n\t\t\t\t<\/div>\n\t\t\t\t\t<\/div>\n\t\t<\/div>\n\t\t\t\t<div class=\"elementor-column elementor-col-50 elementor-inner-column elementor-element elementor-element-73fd9cb\" data-id=\"73fd9cb\" data-element_type=\"column\">\n\t\t\t<div class=\"elementor-widget-wrap elementor-element-populated\">\n\t\t\t\t\t\t<div class=\"elementor-element elementor-element-e101d84 elementor-widget elementor-widget-image\" data-id=\"e101d84\" data-element_type=\"widget\" data-widget_type=\"image.default\">\n\t\t\t\t<div class=\"elementor-widget-container\">\n\t\t\t\t\t\t\t\t\t\t\t\t\t\t\t<img fetchpriority=\"high\" decoding=\"async\" width=\"518\" height=\"345\" src=\"https:\/\/imima.de\/wp-content\/uploads\/2022\/03\/Unterseite_Philosophie_WOP_518_5.jpg\" class=\"attachment-large size-large wp-image-1290\" alt=\"\" srcset=\"https:\/\/imima.de\/wp-content\/uploads\/2022\/03\/Unterseite_Philosophie_WOP_518_5.jpg 518w, https:\/\/imima.de\/wp-content\/uploads\/2022\/03\/Unterseite_Philosophie_WOP_518_5-300x200.jpg 300w, https:\/\/imima.de\/wp-content\/uploads\/2022\/03\/Unterseite_Philosophie_WOP_518_5-18x12.jpg 18w\" sizes=\"(max-width: 518px) 100vw, 518px\" \/>\t\t\t\t\t\t\t\t\t\t\t\t\t\t\t<\/div>\n\t\t\t\t<\/div>\n\t\t\t\t\t<\/div>\n\t\t<\/div>\n\t\t\t\t\t<\/div>\n\t\t<\/section>\n\t\t\t\t\t<\/div>\n\t\t<\/div>\n\t\t\t\t\t<\/div>\n\t\t<\/section>\n\t\t\t\t<section class=\"elementor-section elementor-top-section elementor-element elementor-element-86dd3ff elementor-section-boxed elementor-section-height-default elementor-section-height-default\" data-id=\"86dd3ff\" data-element_type=\"section\" data-settings=\"{&quot;background_background&quot;:&quot;gradient&quot;}\">\n\t\t\t\t\t\t<div class=\"elementor-container elementor-column-gap-default\">\n\t\t\t\t\t<div class=\"elementor-column elementor-col-100 elementor-top-column elementor-element elementor-element-428f38c\" data-id=\"428f38c\" data-element_type=\"column\" data-settings=\"{&quot;background_background&quot;:&quot;classic&quot;}\">\n\t\t\t<div class=\"elementor-widget-wrap elementor-element-populated\">\n\t\t\t\t\t\t<section class=\"elementor-section elementor-inner-section elementor-element elementor-element-652ea8f elementor-reverse-tablet elementor-reverse-mobile elementor-section-boxed elementor-section-height-default elementor-section-height-default\" data-id=\"652ea8f\" data-element_type=\"section\">\n\t\t\t\t\t\t<div class=\"elementor-container elementor-column-gap-default\">\n\t\t\t\t\t<div class=\"elementor-column elementor-col-50 elementor-inner-column elementor-element elementor-element-b9e2bf1\" data-id=\"b9e2bf1\" data-element_type=\"column\">\n\t\t\t<div class=\"elementor-widget-wrap elementor-element-populated\">\n\t\t\t\t\t\t<div class=\"elementor-element elementor-element-5119fd1 elementor-widget elementor-widget-image\" data-id=\"5119fd1\" data-element_type=\"widget\" data-widget_type=\"image.default\">\n\t\t\t\t<div class=\"elementor-widget-container\">\n\t\t\t\t\t\t\t\t\t\t\t\t\t\t\t<img decoding=\"async\" width=\"518\" height=\"345\" src=\"https:\/\/imima.de\/wp-content\/uploads\/2022\/03\/Philosophie_Leckssteinbar_WOP_518_5.jpg\" class=\"attachment-large size-large wp-image-1293\" alt=\"\" srcset=\"https:\/\/imima.de\/wp-content\/uploads\/2022\/03\/Philosophie_Leckssteinbar_WOP_518_5.jpg 518w, https:\/\/imima.de\/wp-content\/uploads\/2022\/03\/Philosophie_Leckssteinbar_WOP_518_5-300x200.jpg 300w, https:\/\/imima.de\/wp-content\/uploads\/2022\/03\/Philosophie_Leckssteinbar_WOP_518_5-18x12.jpg 18w\" sizes=\"(max-width: 518px) 100vw, 518px\" \/>\t\t\t\t\t\t\t\t\t\t\t\t\t\t\t<\/div>\n\t\t\t\t<\/div>\n\t\t\t\t\t<\/div>\n\t\t<\/div>\n\t\t\t\t<div class=\"elementor-column elementor-col-50 elementor-inner-column elementor-element elementor-element-6b0ed50\" data-id=\"6b0ed50\" data-element_type=\"column\">\n\t\t\t<div class=\"elementor-widget-wrap elementor-element-populated\">\n\t\t\t\t\t\t<div class=\"elementor-element elementor-element-a6f14b3 elementor-invisible elementor-widget elementor-widget-heading\" data-id=\"a6f14b3\" data-element_type=\"widget\" data-settings=\"{&quot;_animation&quot;:&quot;fadeInUp&quot;}\" data-widget_type=\"heading.default\">\n\t\t\t\t<div class=\"elementor-widget-container\">\n\t\t\t\t\t<h2 class=\"elementor-heading-title elementor-size-default\">The \"Lick Block Bar\"<\/h2>\t\t\t\t<\/div>\n\t\t\t\t<\/div>\n\t\t\t\t<div class=\"elementor-element elementor-element-afec76c elementor-widget elementor-widget-text-editor\" data-id=\"afec76c\" data-element_type=\"widget\" data-widget_type=\"text-editor.default\">\n\t\t\t\t<div class=\"elementor-widget-container\">\n\t\t\t\t\t\t\t\t\t<p>With a lick block bar, the animal is offered a selection of different lick blocks at the same time. So it can ideally balance its individual need for minerals, trace elements and vitamins at its own will.&nbsp;<\/p>\n<p>Each of our mineral lick blocks has been explicitly developed for a specific benefit or need. Each lick has a specific recipe, always taking into account the needs of the animal.&nbsp;<\/p>\n<p>By offering different licks, the animal can draw on its natural instinct and seek out different sources of nutrients.<\/p>\n<p><\/p>\t\t\t\t\t\t\t\t<\/div>\n\t\t\t\t<\/div>\n\t\t\t\t\t<\/div>\n\t\t<\/div>\n\t\t\t\t\t<\/div>\n\t\t<\/section>\n\t\t\t\t\t<\/div>\n\t\t<\/div>\n\t\t\t\t\t<\/div>\n\t\t<\/section>\n\t\t\t\t<section class=\"elementor-section elementor-top-section elementor-element elementor-element-ec57a9c elementor-section-boxed elementor-section-height-default elementor-section-height-default\" data-id=\"ec57a9c\" data-element_type=\"section\" id=\"film\" data-settings=\"{&quot;background_background&quot;:&quot;gradient&quot;}\">\n\t\t\t\t\t\t<div class=\"elementor-container elementor-column-gap-default\">\n\t\t\t\t\t<div class=\"elementor-column elementor-col-100 elementor-top-column elementor-element elementor-element-ffc9a9b\" data-id=\"ffc9a9b\" data-element_type=\"column\" data-settings=\"{&quot;background_background&quot;:&quot;classic&quot;}\">\n\t\t\t<div class=\"elementor-widget-wrap elementor-element-populated\">\n\t\t\t\t\t\t<section class=\"elementor-section elementor-inner-section elementor-element elementor-element-5c59509 elementor-section-boxed elementor-section-height-default elementor-section-height-default\" data-id=\"5c59509\" data-element_type=\"section\">\n\t\t\t\t\t\t<div class=\"elementor-container elementor-column-gap-default\">\n\t\t\t\t\t<div class=\"elementor-column elementor-col-50 elementor-inner-column elementor-element elementor-element-5a30a45\" data-id=\"5a30a45\" data-element_type=\"column\">\n\t\t\t<div class=\"elementor-widget-wrap elementor-element-populated\">\n\t\t\t\t\t\t<div class=\"elementor-element elementor-element-bb0bea4 elementor-invisible elementor-widget elementor-widget-heading\" data-id=\"bb0bea4\" data-element_type=\"widget\" data-settings=\"{&quot;_animation&quot;:&quot;fadeInUp&quot;}\" data-widget_type=\"heading.default\">\n\t\t\t\t<div class=\"elementor-widget-container\">\n\t\t\t\t\t<h2 class=\"elementor-heading-title elementor-size-default\">Movie \"free will feeding\" with lick blocks<\/h2>\t\t\t\t<\/div>\n\t\t\t\t<\/div>\n\t\t\t\t<div class=\"elementor-element elementor-element-721118e elementor-widget elementor-widget-text-editor\" data-id=\"721118e\" data-element_type=\"widget\" data-widget_type=\"text-editor.default\">\n\t\t\t\t<div class=\"elementor-widget-container\">\n\t\t\t\t\t\t\t\t\t<p>See the benefits of \"free will feeding\" in combination with a Lick Block Bar.<\/p>\t\t\t\t\t\t\t\t<\/div>\n\t\t\t\t<\/div>\n\t\t\t\t\t<\/div>\n\t\t<\/div>\n\t\t\t\t<div class=\"elementor-column elementor-col-50 elementor-inner-column elementor-element elementor-element-b06f462\" data-id=\"b06f462\" data-element_type=\"column\" id=\"PlayVideo\">\n\t\t\t<div class=\"elementor-widget-wrap elementor-element-populated\">\n\t\t\t\t\t\t<div class=\"elementor-element elementor-element-9ef3314 elementor-widget elementor-widget-html\" data-id=\"9ef3314\" data-element_type=\"widget\" data-widget_type=\"html.default\">\n\t\t\t\t<div class=\"elementor-widget-container\">\n\t\t\t\t\t<div class=\"HD-Format\">\n    <iframe id=\"video\" class=\"My-video-iframe\" allowfullscreen=\"\" title=\"youtube Video Player\" src=\"\">\n    <\/iframe>\n<\/div>\t\t\t\t<\/div>\n\t\t\t\t<\/div>\n\t\t\t\t<div class=\"elementor-element elementor-element-3bd0d04 elementor-widget elementor-widget-text-editor\" data-id=\"3bd0d04\" data-element_type=\"widget\" id=\"YoutubeHinweis\" data-widget_type=\"text-editor.default\">\n\t\t\t\t<div class=\"elementor-widget-container\">\n\t\t\t\t\t\t\t\t\tWith the click on <a id=\"YoutubeOK\" href=\"#\"> OK<\/a> you accept that content from YouTube will be displayed to you. You can find more information in our <a href=\"\/en\/kontakt\/datenschutz\">Data protection information<\/a>\t\t\t\t\t\t\t\t<\/div>\n\t\t\t\t<\/div>\n\t\t\t\t<div class=\"elementor-element elementor-element-f066e05 elementor-absolute elementor-view-default elementor-widget elementor-widget-icon\" data-id=\"f066e05\" data-element_type=\"widget\" id=\"Play\" data-settings=\"{&quot;_position&quot;:&quot;absolute&quot;}\" title=\"Play image film\" data-widget_type=\"icon.default\">\n\t\t\t\t<div class=\"elementor-widget-container\">\n\t\t\t\t\t\t\t<div class=\"elementor-icon-wrapper\">\n\t\t\t<div class=\"elementor-icon\">\n\t\t\t<i aria-hidden=\"true\" class=\"far fa-play-circle\"><\/i>\t\t\t<\/div>\n\t\t<\/div>\n\t\t\t\t\t\t<\/div>\n\t\t\t\t<\/div>\n\t\t\t\t<div class=\"elementor-element elementor-element-273eb0f elementor-widget elementor-widget-html\" data-id=\"273eb0f\" data-element_type=\"widget\" data-no-translation=\"\" data-widget_type=\"html.default\">\n\t\t\t\t<div class=\"elementor-widget-container\">\n\t\t\t\t\t<style>.elementor-element-273eb0f{display:none !important}<\/style>\t\t\t\t<\/div>\n\t\t\t\t<\/div>\n\t\t\t\t<div class=\"elementor-element elementor-element-8e5110c elementor-widget elementor-widget-html\" data-id=\"8e5110c\" data-element_type=\"widget\" data-no-translation=\"\" data-widget_type=\"html.default\">\n\t\t\t\t<div class=\"elementor-widget-container\">\n\t\t\t\t\t<script>\n    \/* English Video: *\/\n    YouTubeIdVariable = \"LwpCBaa6xPM\";\n<\/script>\t\t\t\t<\/div>\n\t\t\t\t<\/div>\n\t\t\t\t<div class=\"elementor-element elementor-element-19762ce elementor-widget elementor-widget-html\" data-id=\"19762ce\" data-element_type=\"widget\" data-no-translation=\"\" data-widget_type=\"html.default\">\n\t\t\t\t<div class=\"elementor-widget-container\">\n\t\t\t\t\t<style>.elementor-element-19762ce{display:none !important}<\/style>\t\t\t\t<\/div>\n\t\t\t\t<\/div>\n\t\t\t\t<div class=\"elementor-element elementor-element-326c5df elementor-widget elementor-widget-html\" data-id=\"326c5df\" data-element_type=\"widget\" data-no-translation=\"\" data-widget_type=\"html.default\">\n\t\t\t\t<div class=\"elementor-widget-container\">\n\t\t\t\t\t<style>.elementor-element-326c5df{display:none !important}<\/style>\t\t\t\t<\/div>\n\t\t\t\t<\/div>\n\t\t\t\t<div class=\"elementor-element elementor-element-a034d72 elementor-widget elementor-widget-html\" data-id=\"a034d72\" data-element_type=\"widget\" data-no-translation=\"\" data-widget_type=\"html.default\">\n\t\t\t\t<div class=\"elementor-widget-container\">\n\t\t\t\t\t<style>.elementor-element-a034d72{display:none !important}<\/style>\t\t\t\t<\/div>\n\t\t\t\t<\/div>\n\t\t\t\t<div class=\"elementor-element elementor-element-e528744 elementor-widget elementor-widget-html\" data-id=\"e528744\" data-element_type=\"widget\" data-widget_type=\"html.default\">\n\t\t\t\t<div class=\"elementor-widget-container\">\n\t\t\t\t\t<script>\n    Play = document.getElementById(\"Play\");\n    YoutubeHinweis = document.getElementById(\"YoutubeHinweis\");\n    Video = document.getElementById(\"video\");\n    YoutubeOK = document.getElementById(\"YoutubeOK\");\n    Play.addEventListener(\"click\", (ev) => {\n        ev.preventDefault();\n        Play.style.display=\"none\";\n        YoutubeHinweis.classList.add(\"show\");\n        YoutubeOK.addEventListener(\"click\", (ev2) => {\n            ev2.preventDefault();\n            YoutubeHinweis.classList.remove(\"show\");\n            Video.src=\"https:\/\/www.youtube-nocookie.com\/embed\/\"+YouTubeIdVariable+\"?feature=oembed&amp;start&amp;end&amp;wmode=opaque&amp;loop=0&amp;controls=1&amp;mute=0&amp;rel=0&amp;modestbranding=1\";\n            Video.classList.add(\"show\");\n            \n        });\n        \n    });\n    \n<\/script>\t\t\t\t<\/div>\n\t\t\t\t<\/div>\n\t\t\t\t\t<\/div>\n\t\t<\/div>\n\t\t\t\t\t<\/div>\n\t\t<\/section>\n\t\t\t\t\t<\/div>\n\t\t<\/div>\n\t\t\t\t\t<\/div>\n\t\t<\/section>\n\t\t\t\t<\/div>","protected":false},"excerpt":{"rendered":"<p>Philosphie F\u00fcttern nach freiem Willen Tiere haben einen nat\u00fcrlichen Instinkt ihren Mineralstoffbedarf zu decken, indem sie unterschiedliche N\u00e4hrstoffquellen aufsuchen, um die Menge an Mineralien und Vitaminen aufzunehmen, die ihr K\u00f6rper ben\u00f6tigt.\u00a0 Lecksteine und Leckschalen kommen diesem nat\u00fcrlichen Instinkt sehr entgegen. Die Tiere k\u00f6nnen sich selbst nach ihrem Willen (free will) an den Lecksteinen bedienen und [&hellip;]<\/p>","protected":false},"author":1,"featured_media":0,"parent":0,"menu_order":0,"comment_status":"closed","ping_status":"closed","template":"elementor_header_footer","meta":{"_acf_changed":false,"footnotes":""},"class_list":["post-1177","page","type-page","status-publish","hentry"],"acf":[],"yoast_head":"<!-- This site is optimized with the Yoast SEO plugin v27.3 - https:\/\/yoast.com\/product\/yoast-seo-wordpress\/ -->\n<title>Philosphie - imima<\/title>\n<meta name=\"robots\" content=\"index, follow, max-snippet:-1, max-image-preview:large, max-video-preview:-1\" \/>\n<link rel=\"canonical\" href=\"https:\/\/imima.de\/en\/philosphie\" \/>\n<meta property=\"og:locale\" content=\"en_GB\" \/>\n<meta property=\"og:type\" content=\"article\" \/>\n<meta property=\"og:title\" content=\"Philosphie - imima\" \/>\n<meta property=\"og:description\" content=\"Philosphie F\u00fcttern nach freiem Willen Tiere haben einen nat\u00fcrlichen Instinkt ihren Mineralstoffbedarf zu decken, indem sie unterschiedliche N\u00e4hrstoffquellen aufsuchen, um die Menge an Mineralien und Vitaminen aufzunehmen, die ihr K\u00f6rper ben\u00f6tigt.\u00a0 Lecksteine und Leckschalen kommen diesem nat\u00fcrlichen Instinkt sehr entgegen. Die Tiere k\u00f6nnen sich selbst nach ihrem Willen (free will) an den Lecksteinen bedienen und [&hellip;]\" \/>\n<meta property=\"og:url\" content=\"https:\/\/imima.de\/en\/philosphie\" \/>\n<meta property=\"og:site_name\" content=\"imima\" \/>\n<meta property=\"article:modified_time\" content=\"2022-11-21T09:24:22+00:00\" \/>\n<meta property=\"og:image\" content=\"https:\/\/imima.de\/wp-content\/uploads\/2022\/03\/Unterseite_Philosophie_WOP_518_5.jpg\" \/>\n<meta name=\"twitter:card\" content=\"summary_large_image\" \/>\n<meta name=\"twitter:label1\" content=\"Estimated reading time\" \/>\n\t<meta name=\"twitter:data1\" content=\"2 minutes\" \/>\n<script type=\"application\/ld+json\" class=\"yoast-schema-graph\">{\"@context\":\"https:\\\/\\\/schema.org\",\"@graph\":[{\"@type\":\"WebPage\",\"@id\":\"https:\\\/\\\/imima.de\\\/philosphie\",\"url\":\"https:\\\/\\\/imima.de\\\/philosphie\",\"name\":\"Philosphie - imima\",\"isPartOf\":{\"@id\":\"https:\\\/\\\/imima.de\\\/en\\\/#website\"},\"primaryImageOfPage\":{\"@id\":\"https:\\\/\\\/imima.de\\\/philosphie#primaryimage\"},\"image\":{\"@id\":\"https:\\\/\\\/imima.de\\\/philosphie#primaryimage\"},\"thumbnailUrl\":\"https:\\\/\\\/imima.de\\\/wp-content\\\/uploads\\\/2022\\\/03\\\/Unterseite_Philosophie_WOP_518_5.jpg\",\"datePublished\":\"2022-02-25T14:18:26+00:00\",\"dateModified\":\"2022-11-21T09:24:22+00:00\",\"breadcrumb\":{\"@id\":\"https:\\\/\\\/imima.de\\\/philosphie#breadcrumb\"},\"inLanguage\":\"en-GB\",\"potentialAction\":[{\"@type\":\"ReadAction\",\"target\":[\"https:\\\/\\\/imima.de\\\/philosphie\"]}]},{\"@type\":\"ImageObject\",\"inLanguage\":\"en-GB\",\"@id\":\"https:\\\/\\\/imima.de\\\/philosphie#primaryimage\",\"url\":\"https:\\\/\\\/imima.de\\\/wp-content\\\/uploads\\\/2022\\\/03\\\/Unterseite_Philosophie_WOP_518_5.jpg\",\"contentUrl\":\"https:\\\/\\\/imima.de\\\/wp-content\\\/uploads\\\/2022\\\/03\\\/Unterseite_Philosophie_WOP_518_5.jpg\"},{\"@type\":\"BreadcrumbList\",\"@id\":\"https:\\\/\\\/imima.de\\\/philosphie#breadcrumb\",\"itemListElement\":[{\"@type\":\"ListItem\",\"position\":1,\"name\":\"Startseite\",\"item\":\"https:\\\/\\\/imima.de\\\/\"},{\"@type\":\"ListItem\",\"position\":2,\"name\":\"Philosphie\"}]},{\"@type\":\"WebSite\",\"@id\":\"https:\\\/\\\/imima.de\\\/en\\\/#website\",\"url\":\"https:\\\/\\\/imima.de\\\/en\\\/\",\"name\":\"imima\",\"description\":\"Your story, beautifully told - Created with WordPress managed by IONOS\",\"publisher\":{\"@id\":\"https:\\\/\\\/imima.de\\\/en\\\/#organization\"},\"potentialAction\":[{\"@type\":\"SearchAction\",\"target\":{\"@type\":\"EntryPoint\",\"urlTemplate\":\"https:\\\/\\\/imima.de\\\/en\\\/?s={search_term_string}\"},\"query-input\":{\"@type\":\"PropertyValueSpecification\",\"valueRequired\":true,\"valueName\":\"search_term_string\"}}],\"inLanguage\":\"en-GB\"},{\"@type\":\"Organization\",\"@id\":\"https:\\\/\\\/imima.de\\\/en\\\/#organization\",\"name\":\"imima\",\"url\":\"https:\\\/\\\/imima.de\\\/en\\\/\",\"logo\":{\"@type\":\"ImageObject\",\"inLanguage\":\"en-GB\",\"@id\":\"https:\\\/\\\/imima.de\\\/en\\\/#\\\/schema\\\/logo\\\/image\\\/\",\"url\":\"https:\\\/\\\/imima.de\\\/wp-content\\\/uploads\\\/2021\\\/12\\\/logo-transparent.png\",\"contentUrl\":\"https:\\\/\\\/imima.de\\\/wp-content\\\/uploads\\\/2021\\\/12\\\/logo-transparent.png\",\"width\":1193,\"height\":531,\"caption\":\"imima\"},\"image\":{\"@id\":\"https:\\\/\\\/imima.de\\\/en\\\/#\\\/schema\\\/logo\\\/image\\\/\"}}]}<\/script>\n<!-- \/ Yoast SEO plugin. -->","yoast_head_json":{"title":"Philosophy - imima","robots":{"index":"index","follow":"follow","max-snippet":"max-snippet:-1","max-image-preview":"max-image-preview:large","max-video-preview":"max-video-preview:-1"},"canonical":"https:\/\/imima.de\/en\/philosphie","og_locale":"en_GB","og_type":"article","og_title":"Philosphie - imima","og_description":"Philosphie F\u00fcttern nach freiem Willen Tiere haben einen nat\u00fcrlichen Instinkt ihren Mineralstoffbedarf zu decken, indem sie unterschiedliche N\u00e4hrstoffquellen aufsuchen, um die Menge an Mineralien und Vitaminen aufzunehmen, die ihr K\u00f6rper ben\u00f6tigt.\u00a0 Lecksteine und Leckschalen kommen diesem nat\u00fcrlichen Instinkt sehr entgegen. Die Tiere k\u00f6nnen sich selbst nach ihrem Willen (free will) an den Lecksteinen bedienen und [&hellip;]","og_url":"https:\/\/imima.de\/en\/philosphie","og_site_name":"imima","article_modified_time":"2022-11-21T09:24:22+00:00","og_image":[{"url":"https:\/\/imima.de\/wp-content\/uploads\/2022\/03\/Unterseite_Philosophie_WOP_518_5.jpg","type":"","width":"","height":""}],"twitter_card":"summary_large_image","twitter_misc":{"Estimated reading time":"2 minutes"},"schema":{"@context":"https:\/\/schema.org","@graph":[{"@type":"WebPage","@id":"https:\/\/imima.de\/philosphie","url":"https:\/\/imima.de\/philosphie","name":"Philosophy - imima","isPartOf":{"@id":"https:\/\/imima.de\/en\/#website"},"primaryImageOfPage":{"@id":"https:\/\/imima.de\/philosphie#primaryimage"},"image":{"@id":"https:\/\/imima.de\/philosphie#primaryimage"},"thumbnailUrl":"https:\/\/imima.de\/wp-content\/uploads\/2022\/03\/Unterseite_Philosophie_WOP_518_5.jpg","datePublished":"2022-02-25T14:18:26+00:00","dateModified":"2022-11-21T09:24:22+00:00","breadcrumb":{"@id":"https:\/\/imima.de\/philosphie#breadcrumb"},"inLanguage":"en-GB","potentialAction":[{"@type":"ReadAction","target":["https:\/\/imima.de\/philosphie"]}]},{"@type":"ImageObject","inLanguage":"en-GB","@id":"https:\/\/imima.de\/philosphie#primaryimage","url":"https:\/\/imima.de\/wp-content\/uploads\/2022\/03\/Unterseite_Philosophie_WOP_518_5.jpg","contentUrl":"https:\/\/imima.de\/wp-content\/uploads\/2022\/03\/Unterseite_Philosophie_WOP_518_5.jpg"},{"@type":"BreadcrumbList","@id":"https:\/\/imima.de\/philosphie#breadcrumb","itemListElement":[{"@type":"ListItem","position":1,"name":"Startseite","item":"https:\/\/imima.de\/"},{"@type":"ListItem","position":2,"name":"Philosphie"}]},{"@type":"WebSite","@id":"https:\/\/imima.de\/en\/#website","url":"https:\/\/imima.de\/en\/","name":"imima","description":"Your story, beautifully told - Created with WordPress managed by IONOS","publisher":{"@id":"https:\/\/imima.de\/en\/#organization"},"potentialAction":[{"@type":"SearchAction","target":{"@type":"EntryPoint","urlTemplate":"https:\/\/imima.de\/en\/?s={search_term_string}"},"query-input":{"@type":"PropertyValueSpecification","valueRequired":true,"valueName":"search_term_string"}}],"inLanguage":"en-GB"},{"@type":"Organization","@id":"https:\/\/imima.de\/en\/#organization","name":"imima","url":"https:\/\/imima.de\/en\/","logo":{"@type":"ImageObject","inLanguage":"en-GB","@id":"https:\/\/imima.de\/en\/#\/schema\/logo\/image\/","url":"https:\/\/imima.de\/wp-content\/uploads\/2021\/12\/logo-transparent.png","contentUrl":"https:\/\/imima.de\/wp-content\/uploads\/2021\/12\/logo-transparent.png","width":1193,"height":531,"caption":"imima"},"image":{"@id":"https:\/\/imima.de\/en\/#\/schema\/logo\/image\/"}}]}},"_links":{"self":[{"href":"https:\/\/imima.de\/en\/wp-json\/wp\/v2\/pages\/1177","targetHints":{"allow":["GET"]}}],"collection":[{"href":"https:\/\/imima.de\/en\/wp-json\/wp\/v2\/pages"}],"about":[{"href":"https:\/\/imima.de\/en\/wp-json\/wp\/v2\/types\/page"}],"author":[{"embeddable":true,"href":"https:\/\/imima.de\/en\/wp-json\/wp\/v2\/users\/1"}],"replies":[{"embeddable":true,"href":"https:\/\/imima.de\/en\/wp-json\/wp\/v2\/comments?post=1177"}],"version-history":[{"count":0,"href":"https:\/\/imima.de\/en\/wp-json\/wp\/v2\/pages\/1177\/revisions"}],"wp:attachment":[{"href":"https:\/\/imima.de\/en\/wp-json\/wp\/v2\/media?parent=1177"}],"curies":[{"name":"wp","href":"https:\/\/api.w.org\/{rel}","templated":true}]}}