{"id":1218,"date":"2022-03-02T09:48:24","date_gmt":"2022-03-02T09:48:24","guid":{"rendered":"https:\/\/imima.honeymoon-production.de\/?page_id=1218"},"modified":"2024-12-10T13:54:28","modified_gmt":"2024-12-10T13:54:28","slug":"ueber-uns","status":"publish","type":"page","link":"https:\/\/imima.de\/en\/ueber-uns","title":{"rendered":"About Us"},"content":{"rendered":"<div data-elementor-type=\"wp-page\" data-elementor-id=\"1218\" class=\"elementor elementor-1218\" data-elementor-post-type=\"page\">\n\t\t\t\t\t\t<section class=\"elementor-section elementor-top-section elementor-element elementor-element-9fb6a5f elementor-section-boxed elementor-section-height-default elementor-section-height-default\" data-id=\"9fb6a5f\" data-element_type=\"section\" data-settings=\"{&quot;background_background&quot;:&quot;classic&quot;}\">\n\t\t\t\t\t\t<div class=\"elementor-container elementor-column-gap-default\">\n\t\t\t\t\t<div class=\"elementor-column elementor-col-100 elementor-top-column elementor-element elementor-element-935bd61\" data-id=\"935bd61\" data-element_type=\"column\" data-settings=\"{&quot;background_background&quot;:&quot;classic&quot;}\">\n\t\t\t<div class=\"elementor-widget-wrap elementor-element-populated\">\n\t\t\t\t\t\t<div class=\"elementor-element elementor-element-a9c7d74 elementor-invisible elementor-widget elementor-widget-heading\" data-id=\"a9c7d74\" data-element_type=\"widget\" data-settings=\"{&quot;_animation&quot;:&quot;fadeInUp&quot;}\" data-widget_type=\"heading.default\">\n\t\t\t\t<div class=\"elementor-widget-container\">\n\t\t\t\t\t<h1 class=\"elementor-heading-title elementor-size-default\">About Us<\/h1>\t\t\t\t<\/div>\n\t\t\t\t<\/div>\n\t\t\t\t<section class=\"elementor-section elementor-inner-section elementor-element elementor-element-25b0f03 elementor-reverse-tablet elementor-reverse-mobile elementor-section-boxed elementor-section-height-default elementor-section-height-default\" data-id=\"25b0f03\" data-element_type=\"section\">\n\t\t\t\t\t\t<div class=\"elementor-container elementor-column-gap-default\">\n\t\t\t\t\t<div class=\"elementor-column elementor-col-50 elementor-inner-column elementor-element elementor-element-8c0ae00\" data-id=\"8c0ae00\" data-element_type=\"column\">\n\t\t\t<div class=\"elementor-widget-wrap elementor-element-populated\">\n\t\t\t\t\t\t<div class=\"elementor-element elementor-element-7bbb85a elementor-widget elementor-widget-image\" data-id=\"7bbb85a\" data-element_type=\"widget\" data-widget_type=\"image.default\">\n\t\t\t\t<div class=\"elementor-widget-container\">\n\t\t\t\t\t\t\t\t\t\t\t\t\t\t\t<img fetchpriority=\"high\" decoding=\"async\" width=\"518\" height=\"302\" src=\"https:\/\/imima.de\/wp-content\/uploads\/2022\/03\/Startseite_Ueber_Uns_WOP_518_5.jpg\" class=\"attachment-large size-large wp-image-1278\" alt=\"\" srcset=\"https:\/\/imima.de\/wp-content\/uploads\/2022\/03\/Startseite_Ueber_Uns_WOP_518_5.jpg 518w, https:\/\/imima.de\/wp-content\/uploads\/2022\/03\/Startseite_Ueber_Uns_WOP_518_5-300x175.jpg 300w, https:\/\/imima.de\/wp-content\/uploads\/2022\/03\/Startseite_Ueber_Uns_WOP_518_5-18x10.jpg 18w\" sizes=\"(max-width: 518px) 100vw, 518px\" \/>\t\t\t\t\t\t\t\t\t\t\t\t\t\t\t<\/div>\n\t\t\t\t<\/div>\n\t\t\t\t\t<\/div>\n\t\t<\/div>\n\t\t\t\t<div class=\"elementor-column elementor-col-50 elementor-inner-column elementor-element elementor-element-dec2f65\" data-id=\"dec2f65\" data-element_type=\"column\">\n\t\t\t<div class=\"elementor-widget-wrap elementor-element-populated\">\n\t\t\t\t\t\t<div class=\"elementor-element elementor-element-5ff599d elementor-widget elementor-widget-text-editor\" data-id=\"5ff599d\" data-element_type=\"widget\" data-widget_type=\"text-editor.default\">\n\t\t\t\t<div class=\"elementor-widget-container\">\n\t\t\t\t\t\t\t\t\t<p>Imima is the exclusive distribution partner of the lick block manufacturer S.I.N. HELLAS. Together we offer the most comprehensive selection of mineral licks and show that animals can absorb far more good things from lick blocks than just salt and minerals. For over 25 years, S.I.N. HELLAS has been producing a wide range of mineral licks made from pure Mediterranean salt in table salt quality and is now considered the market leader for special and innovative lick blocks. Special mineral licks have been developed which allow cattle, cows, sheep, goats, deer and horses to absorb minerals, trace elements, vitamins, herbs, essential oils and even live yeasts easily and according to their individual needs.<\/p><p>For the first time, we have developed a special lick block for pigs, which, thanks to its formulation with calming natural ingredients, ensures greater calmness in the animals and supports their well-being.<\/p><p>With the help of our lick blocks, deficiency symptoms and resulting diseases can be prevented. The animals remain vital &amp; healthy and are more resistant to diseases.<\/p><p>Each of our lick stones is the product of many years of experience. Production is certified to both ISO 22000 and QS standards. The lick stones are developed in the EU and manufactured in Greece in accordance with EU social and environmental standards. This not only gives us a good feeling, but also brings the laughter of the Greek sun to us and our animals.<\/p>\t\t\t\t\t\t\t\t<\/div>\n\t\t\t\t<\/div>\n\t\t\t\t\t<\/div>\n\t\t<\/div>\n\t\t\t\t\t<\/div>\n\t\t<\/section>\n\t\t\t\t\t<\/div>\n\t\t<\/div>\n\t\t\t\t\t<\/div>\n\t\t<\/section>\n\t\t\t\t<\/div>","protected":false},"excerpt":{"rendered":"<p>\u00dcber Uns Imima ist der exklusive Vertriebspartner des Lecksteine-Herstellers S.I.N. HELLAS. Gemeinsam bieten wir die umfassendste Auswahl an Minerallecksteinen und zeigen, dass Tiere neben Salz und Mineralstoffen weitaus mehr Gutes \u00fcber Lecksteine aufnehmen k\u00f6nnen. Seit \u00fcber 25 Jahren produziert S.I.N. HELLAS verschiedenste Minerallecksteine aus reinem Mittelmeersalz in Speisesalzqualit\u00e4t und gilt heute als Marktf\u00fchrer f\u00fcr spezielle [&hellip;]<\/p>","protected":false},"author":1,"featured_media":0,"parent":0,"menu_order":0,"comment_status":"closed","ping_status":"closed","template":"elementor_header_footer","meta":{"_acf_changed":false,"footnotes":""},"class_list":["post-1218","page","type-page","status-publish","hentry"],"acf":[],"yoast_head":"<!-- This site is optimized with the Yoast SEO plugin v27.4 - https:\/\/yoast.com\/product\/yoast-seo-wordpress\/ -->\n<title>\u00dcber uns - imima<\/title>\n<meta name=\"robots\" content=\"index, follow, max-snippet:-1, max-image-preview:large, max-video-preview:-1\" \/>\n<link rel=\"canonical\" href=\"https:\/\/imima.de\/en\/ueber-uns\" \/>\n<meta property=\"og:locale\" content=\"en_GB\" \/>\n<meta property=\"og:type\" content=\"article\" \/>\n<meta property=\"og:title\" content=\"\u00dcber uns - imima\" \/>\n<meta property=\"og:description\" content=\"\u00dcber Uns Imima ist der exklusive Vertriebspartner des Lecksteine-Herstellers S.I.N. HELLAS. Gemeinsam bieten wir die umfassendste Auswahl an Minerallecksteinen und zeigen, dass Tiere neben Salz und Mineralstoffen weitaus mehr Gutes \u00fcber Lecksteine aufnehmen k\u00f6nnen. Seit \u00fcber 25 Jahren produziert S.I.N. HELLAS verschiedenste Minerallecksteine aus reinem Mittelmeersalz in Speisesalzqualit\u00e4t und gilt heute als Marktf\u00fchrer f\u00fcr spezielle [&hellip;]\" \/>\n<meta property=\"og:url\" content=\"https:\/\/imima.de\/en\/ueber-uns\" \/>\n<meta property=\"og:site_name\" content=\"imima\" \/>\n<meta property=\"article:modified_time\" content=\"2024-12-10T13:54:28+00:00\" \/>\n<meta property=\"og:image\" content=\"https:\/\/imima.de\/wp-content\/uploads\/2022\/03\/Startseite_Ueber_Uns_WOP_518_5.jpg\" \/>\n\t<meta property=\"og:image:width\" content=\"518\" \/>\n\t<meta property=\"og:image:height\" content=\"302\" \/>\n\t<meta property=\"og:image:type\" content=\"image\/jpeg\" \/>\n<meta name=\"twitter:card\" content=\"summary_large_image\" \/>\n<meta name=\"twitter:label1\" content=\"Estimated reading time\" \/>\n\t<meta name=\"twitter:data1\" content=\"2 minutes\" \/>\n<script type=\"application\/ld+json\" class=\"yoast-schema-graph\">{\"@context\":\"https:\\\/\\\/schema.org\",\"@graph\":[{\"@type\":\"WebPage\",\"@id\":\"https:\\\/\\\/imima.de\\\/ueber-uns\",\"url\":\"https:\\\/\\\/imima.de\\\/ueber-uns\",\"name\":\"\u00dcber uns - imima\",\"isPartOf\":{\"@id\":\"https:\\\/\\\/imima.de\\\/en\\\/#website\"},\"primaryImageOfPage\":{\"@id\":\"https:\\\/\\\/imima.de\\\/ueber-uns#primaryimage\"},\"image\":{\"@id\":\"https:\\\/\\\/imima.de\\\/ueber-uns#primaryimage\"},\"thumbnailUrl\":\"https:\\\/\\\/imima.de\\\/wp-content\\\/uploads\\\/2022\\\/03\\\/Startseite_Ueber_Uns_WOP_518_5.jpg\",\"datePublished\":\"2022-03-02T09:48:24+00:00\",\"dateModified\":\"2024-12-10T13:54:28+00:00\",\"breadcrumb\":{\"@id\":\"https:\\\/\\\/imima.de\\\/ueber-uns#breadcrumb\"},\"inLanguage\":\"en-GB\",\"potentialAction\":[{\"@type\":\"ReadAction\",\"target\":[\"https:\\\/\\\/imima.de\\\/ueber-uns\"]}]},{\"@type\":\"ImageObject\",\"inLanguage\":\"en-GB\",\"@id\":\"https:\\\/\\\/imima.de\\\/ueber-uns#primaryimage\",\"url\":\"https:\\\/\\\/imima.de\\\/wp-content\\\/uploads\\\/2022\\\/03\\\/Startseite_Ueber_Uns_WOP_518_5.jpg\",\"contentUrl\":\"https:\\\/\\\/imima.de\\\/wp-content\\\/uploads\\\/2022\\\/03\\\/Startseite_Ueber_Uns_WOP_518_5.jpg\"},{\"@type\":\"BreadcrumbList\",\"@id\":\"https:\\\/\\\/imima.de\\\/ueber-uns#breadcrumb\",\"itemListElement\":[{\"@type\":\"ListItem\",\"position\":1,\"name\":\"Startseite\",\"item\":\"https:\\\/\\\/imima.de\\\/\"},{\"@type\":\"ListItem\",\"position\":2,\"name\":\"\u00dcber uns\"}]},{\"@type\":\"WebSite\",\"@id\":\"https:\\\/\\\/imima.de\\\/en\\\/#website\",\"url\":\"https:\\\/\\\/imima.de\\\/en\\\/\",\"name\":\"imima\",\"description\":\"Your story, beautifully told - Created with WordPress managed by IONOS\",\"publisher\":{\"@id\":\"https:\\\/\\\/imima.de\\\/en\\\/#organization\"},\"potentialAction\":[{\"@type\":\"SearchAction\",\"target\":{\"@type\":\"EntryPoint\",\"urlTemplate\":\"https:\\\/\\\/imima.de\\\/en\\\/?s={search_term_string}\"},\"query-input\":{\"@type\":\"PropertyValueSpecification\",\"valueRequired\":true,\"valueName\":\"search_term_string\"}}],\"inLanguage\":\"en-GB\"},{\"@type\":\"Organization\",\"@id\":\"https:\\\/\\\/imima.de\\\/en\\\/#organization\",\"name\":\"imima\",\"url\":\"https:\\\/\\\/imima.de\\\/en\\\/\",\"logo\":{\"@type\":\"ImageObject\",\"inLanguage\":\"en-GB\",\"@id\":\"https:\\\/\\\/imima.de\\\/en\\\/#\\\/schema\\\/logo\\\/image\\\/\",\"url\":\"https:\\\/\\\/imima.de\\\/wp-content\\\/uploads\\\/2021\\\/12\\\/logo-transparent.png\",\"contentUrl\":\"https:\\\/\\\/imima.de\\\/wp-content\\\/uploads\\\/2021\\\/12\\\/logo-transparent.png\",\"width\":1193,\"height\":531,\"caption\":\"imima\"},\"image\":{\"@id\":\"https:\\\/\\\/imima.de\\\/en\\\/#\\\/schema\\\/logo\\\/image\\\/\"}}]}<\/script>\n<!-- \/ Yoast SEO plugin. -->","yoast_head_json":{"title":"About us - imima","robots":{"index":"index","follow":"follow","max-snippet":"max-snippet:-1","max-image-preview":"max-image-preview:large","max-video-preview":"max-video-preview:-1"},"canonical":"https:\/\/imima.de\/en\/ueber-uns","og_locale":"en_GB","og_type":"article","og_title":"\u00dcber uns - imima","og_description":"\u00dcber Uns Imima ist der exklusive Vertriebspartner des Lecksteine-Herstellers S.I.N. HELLAS. Gemeinsam bieten wir die umfassendste Auswahl an Minerallecksteinen und zeigen, dass Tiere neben Salz und Mineralstoffen weitaus mehr Gutes \u00fcber Lecksteine aufnehmen k\u00f6nnen. Seit \u00fcber 25 Jahren produziert S.I.N. HELLAS verschiedenste Minerallecksteine aus reinem Mittelmeersalz in Speisesalzqualit\u00e4t und gilt heute als Marktf\u00fchrer f\u00fcr spezielle [&hellip;]","og_url":"https:\/\/imima.de\/en\/ueber-uns","og_site_name":"imima","article_modified_time":"2024-12-10T13:54:28+00:00","og_image":[{"width":518,"height":302,"url":"https:\/\/imima.de\/wp-content\/uploads\/2022\/03\/Startseite_Ueber_Uns_WOP_518_5.jpg","type":"image\/jpeg"}],"twitter_card":"summary_large_image","twitter_misc":{"Estimated reading time":"2 minutes"},"schema":{"@context":"https:\/\/schema.org","@graph":[{"@type":"WebPage","@id":"https:\/\/imima.de\/ueber-uns","url":"https:\/\/imima.de\/ueber-uns","name":"About us - imima","isPartOf":{"@id":"https:\/\/imima.de\/en\/#website"},"primaryImageOfPage":{"@id":"https:\/\/imima.de\/ueber-uns#primaryimage"},"image":{"@id":"https:\/\/imima.de\/ueber-uns#primaryimage"},"thumbnailUrl":"https:\/\/imima.de\/wp-content\/uploads\/2022\/03\/Startseite_Ueber_Uns_WOP_518_5.jpg","datePublished":"2022-03-02T09:48:24+00:00","dateModified":"2024-12-10T13:54:28+00:00","breadcrumb":{"@id":"https:\/\/imima.de\/ueber-uns#breadcrumb"},"inLanguage":"en-GB","potentialAction":[{"@type":"ReadAction","target":["https:\/\/imima.de\/ueber-uns"]}]},{"@type":"ImageObject","inLanguage":"en-GB","@id":"https:\/\/imima.de\/ueber-uns#primaryimage","url":"https:\/\/imima.de\/wp-content\/uploads\/2022\/03\/Startseite_Ueber_Uns_WOP_518_5.jpg","contentUrl":"https:\/\/imima.de\/wp-content\/uploads\/2022\/03\/Startseite_Ueber_Uns_WOP_518_5.jpg"},{"@type":"BreadcrumbList","@id":"https:\/\/imima.de\/ueber-uns#breadcrumb","itemListElement":[{"@type":"ListItem","position":1,"name":"Startseite","item":"https:\/\/imima.de\/"},{"@type":"ListItem","position":2,"name":"\u00dcber uns"}]},{"@type":"WebSite","@id":"https:\/\/imima.de\/en\/#website","url":"https:\/\/imima.de\/en\/","name":"imima","description":"Your story, beautifully told - Created with WordPress managed by IONOS","publisher":{"@id":"https:\/\/imima.de\/en\/#organization"},"potentialAction":[{"@type":"SearchAction","target":{"@type":"EntryPoint","urlTemplate":"https:\/\/imima.de\/en\/?s={search_term_string}"},"query-input":{"@type":"PropertyValueSpecification","valueRequired":true,"valueName":"search_term_string"}}],"inLanguage":"en-GB"},{"@type":"Organization","@id":"https:\/\/imima.de\/en\/#organization","name":"imima","url":"https:\/\/imima.de\/en\/","logo":{"@type":"ImageObject","inLanguage":"en-GB","@id":"https:\/\/imima.de\/en\/#\/schema\/logo\/image\/","url":"https:\/\/imima.de\/wp-content\/uploads\/2021\/12\/logo-transparent.png","contentUrl":"https:\/\/imima.de\/wp-content\/uploads\/2021\/12\/logo-transparent.png","width":1193,"height":531,"caption":"imima"},"image":{"@id":"https:\/\/imima.de\/en\/#\/schema\/logo\/image\/"}}]}},"_links":{"self":[{"href":"https:\/\/imima.de\/en\/wp-json\/wp\/v2\/pages\/1218","targetHints":{"allow":["GET"]}}],"collection":[{"href":"https:\/\/imima.de\/en\/wp-json\/wp\/v2\/pages"}],"about":[{"href":"https:\/\/imima.de\/en\/wp-json\/wp\/v2\/types\/page"}],"author":[{"embeddable":true,"href":"https:\/\/imima.de\/en\/wp-json\/wp\/v2\/users\/1"}],"replies":[{"embeddable":true,"href":"https:\/\/imima.de\/en\/wp-json\/wp\/v2\/comments?post=1218"}],"version-history":[{"count":6,"href":"https:\/\/imima.de\/en\/wp-json\/wp\/v2\/pages\/1218\/revisions"}],"predecessor-version":[{"id":3176,"href":"https:\/\/imima.de\/en\/wp-json\/wp\/v2\/pages\/1218\/revisions\/3176"}],"wp:attachment":[{"href":"https:\/\/imima.de\/en\/wp-json\/wp\/v2\/media?parent=1218"}],"curies":[{"name":"wp","href":"https:\/\/api.w.org\/{rel}","templated":true}]}}