{"id":995,"date":"2022-02-21T11:25:35","date_gmt":"2022-02-21T11:25:35","guid":{"rendered":"https:\/\/imima.honeymoon-production.de\/?page_id=995"},"modified":"2022-02-21T11:52:56","modified_gmt":"2022-02-21T11:52:56","slug":"danke","status":"publish","type":"page","link":"https:\/\/imima.de\/en\/kontakt\/danke","title":{"rendered":"Thank you"},"content":{"rendered":"<div data-elementor-type=\"wp-page\" data-elementor-id=\"995\" class=\"elementor elementor-995\" data-elementor-post-type=\"page\">\n\t\t\t\t\t\t<section class=\"elementor-section elementor-top-section elementor-element elementor-element-dfcdccc elementor-section-content-middle elementor-section-boxed elementor-section-height-default elementor-section-height-default\" data-id=\"dfcdccc\" data-element_type=\"section\">\n\t\t\t\t\t\t<div class=\"elementor-container elementor-column-gap-no\">\n\t\t\t\t\t<div class=\"elementor-column elementor-col-100 elementor-top-column elementor-element elementor-element-cc7ecbd\" data-id=\"cc7ecbd\" data-element_type=\"column\">\n\t\t\t<div class=\"elementor-widget-wrap elementor-element-populated\">\n\t\t\t\t\t\t<div class=\"elementor-element elementor-element-e9929df elementor-widget elementor-widget-heading\" data-id=\"e9929df\" data-element_type=\"widget\" data-widget_type=\"heading.default\">\n\t\t\t\t<div class=\"elementor-widget-container\">\n\t\t\t\t\t<h3 class=\"elementor-heading-title elementor-size-default\">Vielen Dank<\/h3>\t\t\t\t<\/div>\n\t\t\t\t<\/div>\n\t\t\t\t<section class=\"elementor-section elementor-inner-section elementor-element elementor-element-c2a8e9c elementor-section-content-middle elementor-section-boxed elementor-section-height-default elementor-section-height-default\" data-id=\"c2a8e9c\" data-element_type=\"section\">\n\t\t\t\t\t\t<div class=\"elementor-container elementor-column-gap-no\">\n\t\t\t\t\t<div class=\"elementor-column elementor-col-50 elementor-inner-column elementor-element elementor-element-80b6a75\" data-id=\"80b6a75\" data-element_type=\"column\">\n\t\t\t<div class=\"elementor-widget-wrap elementor-element-populated\">\n\t\t\t\t\t\t<div class=\"elementor-element elementor-element-644bfbc elementor-widget elementor-widget-heading\" data-id=\"644bfbc\" data-element_type=\"widget\" data-widget_type=\"heading.default\">\n\t\t\t\t<div class=\"elementor-widget-container\">\n\t\t\t\t\t<h3 class=\"elementor-heading-title elementor-size-default\">... f\u00fcr Ihre Nachricht!<\/h3>\t\t\t\t<\/div>\n\t\t\t\t<\/div>\n\t\t\t\t<div class=\"elementor-element elementor-element-5cb76ac elementor-widget elementor-widget-text-editor\" data-id=\"5cb76ac\" data-element_type=\"widget\" data-widget_type=\"text-editor.default\">\n\t\t\t\t<div class=\"elementor-widget-container\">\n\t\t\t\t\t\t\t\t\t<p>Wir werden Ihre Nachricht in den n\u00e4chsten 2-3 Tagen bearbeiten und uns dann bei Ihnen melden.<\/p>\t\t\t\t\t\t\t\t<\/div>\n\t\t\t\t<\/div>\n\t\t\t\t<div class=\"elementor-element elementor-element-752ba45 elementor-widget__width-auto elementor-widget elementor-widget-image\" data-id=\"752ba45\" data-element_type=\"widget\" data-widget_type=\"image.default\">\n\t\t\t\t<div class=\"elementor-widget-container\">\n\t\t\t\t\t\t\t\t\t\t\t\t\t\t\t<img fetchpriority=\"high\" decoding=\"async\" width=\"800\" height=\"356\" src=\"https:\/\/imima.de\/wp-content\/uploads\/2021\/12\/logo-transparent-1024x456.png\" class=\"attachment-large size-large wp-image-155\" alt=\"\" srcset=\"https:\/\/imima.de\/wp-content\/uploads\/2021\/12\/logo-transparent-1024x456.png 1024w, https:\/\/imima.de\/wp-content\/uploads\/2021\/12\/logo-transparent-300x134.png 300w, https:\/\/imima.de\/wp-content\/uploads\/2021\/12\/logo-transparent-768x342.png 768w, https:\/\/imima.de\/wp-content\/uploads\/2021\/12\/logo-transparent.png 1193w\" sizes=\"(max-width: 800px) 100vw, 800px\" \/>\t\t\t\t\t\t\t\t\t\t\t\t\t\t\t<\/div>\n\t\t\t\t<\/div>\n\t\t\t\t\t<\/div>\n\t\t<\/div>\n\t\t\t\t<div class=\"elementor-column elementor-col-50 elementor-inner-column elementor-element elementor-element-0531d49\" data-id=\"0531d49\" data-element_type=\"column\" data-settings=\"{&quot;background_background&quot;:&quot;classic&quot;}\">\n\t\t\t<div class=\"elementor-widget-wrap elementor-element-populated\">\n\t\t\t\t\t<div class=\"elementor-background-overlay\"><\/div>\n\t\t\t\t\t\t<div class=\"elementor-element elementor-element-19352ba elementor-view-default elementor-position-top elementor-mobile-position-top elementor-widget elementor-widget-icon-box\" data-id=\"19352ba\" data-element_type=\"widget\" data-widget_type=\"icon-box.default\">\n\t\t\t\t<div class=\"elementor-widget-container\">\n\t\t\t\t\t\t\t<div class=\"elementor-icon-box-wrapper\">\n\n\t\t\t\t\t\t<div class=\"elementor-icon-box-icon\">\n\t\t\t\t<span  class=\"elementor-icon\">\n\t\t\t\t<i aria-hidden=\"true\" class=\"fas fa-phone\"><\/i>\t\t\t\t<\/span>\n\t\t\t<\/div>\n\t\t\t\n\t\t\t\t\t\t<div class=\"elementor-icon-box-content\">\n\n\t\t\t\t\t\t\t\t\t<h3 class=\"elementor-icon-box-title\">\n\t\t\t\t\t\t<span  >\n\t\t\t\t\t\t\tPhone: +49 (0)89 54662244\t\t\t\t\t\t<\/span>\n\t\t\t\t\t<\/h3>\n\t\t\t\t\n\t\t\t\t\n\t\t\t<\/div>\n\t\t\t\n\t\t<\/div>\n\t\t\t\t\t\t<\/div>\n\t\t\t\t<\/div>\n\t\t\t\t<div class=\"elementor-element elementor-element-dbaa578 elementor-widget elementor-widget-text-editor\" data-id=\"dbaa578\" data-element_type=\"widget\" data-widget_type=\"text-editor.default\">\n\t\t\t\t<div class=\"elementor-widget-container\">\n\t\t\t\t\t\t\t\t\t<p>ge\u00f6ffnet 09:00 &#8211; 18:00<\/p>\t\t\t\t\t\t\t\t<\/div>\n\t\t\t\t<\/div>\n\t\t\t\t<div class=\"elementor-element elementor-element-d01a022 elementor-view-default elementor-widget elementor-widget-icon\" data-id=\"d01a022\" data-element_type=\"widget\" data-widget_type=\"icon.default\">\n\t\t\t\t<div class=\"elementor-widget-container\">\n\t\t\t\t\t\t\t<div class=\"elementor-icon-wrapper\">\n\t\t\t<a class=\"elementor-icon\" href=\"https:\/\/www.google.com\/maps\/place\/IMIMA+UG+(haftungsbeschr%C3%A4nkt)\/@48.1533736,11.2763883,12z\/data=!4m5!3m4!1s0x479dd600c7fd9a39:0xd5bfc692876f2ced!8m2!3d48.15337!4d11.3464261\" target=\"_blank\" title=\"How to find us on Google Maps\">\n\t\t\t<i aria-hidden=\"true\" class=\"fas fa-map-marker-alt\"><\/i>\t\t\t<\/a>\n\t\t<\/div>\n\t\t\t\t\t\t<\/div>\n\t\t\t\t<\/div>\n\t\t\t\t<div class=\"elementor-element elementor-element-2350385 elementor-widget elementor-widget-text-editor\" data-id=\"2350385\" data-element_type=\"widget\" data-widget_type=\"text-editor.default\">\n\t\t\t\t<div class=\"elementor-widget-container\">\n\t\t\t\t\t\t\t\t\t<p>imima GmbH<br \/>Schwarz\u00e4ckerstr. 41<br \/>82178 Puchheim, Germany<\/p>\t\t\t\t\t\t\t\t<\/div>\n\t\t\t\t<\/div>\n\t\t\t\t<div class=\"elementor-element elementor-element-0c7545f elementor-widget elementor-widget-text-editor\" data-id=\"0c7545f\" data-element_type=\"widget\" data-widget_type=\"text-editor.default\">\n\t\t\t\t<div class=\"elementor-widget-container\">\n\t\t\t\t\t\t\t\t\t<p>Email: info(et)imima.de<\/p>\t\t\t\t\t\t\t\t<\/div>\n\t\t\t\t<\/div>\n\t\t\t\t\t<\/div>\n\t\t<\/div>\n\t\t\t\t\t<\/div>\n\t\t<\/section>\n\t\t\t\t\t<\/div>\n\t\t<\/div>\n\t\t\t\t\t<\/div>\n\t\t<\/section>\n\t\t\t\t<\/div>","protected":false},"excerpt":{"rendered":"<p>Vielen Dank &#8230; f\u00fcr Ihre Nachricht! Wir werden Ihre Nachricht in den n\u00e4chsten 2-3 Tagen bearbeiten und uns dann bei Ihnen melden. Tel.: +49 (0)89 54662244 ge\u00f6ffnet 09:00 &#8211; 18:00 imima GmbH Schwarz\u00e4ckerstr. 41 82178 Puchheim Email: info(et)imima.de<\/p>","protected":false},"author":1,"featured_media":0,"parent":964,"menu_order":0,"comment_status":"closed","ping_status":"closed","template":"elementor_header_footer","meta":{"_acf_changed":false,"footnotes":""},"class_list":["post-995","page","type-page","status-publish","hentry"],"acf":[],"yoast_head":"<!-- This site is optimized with the Yoast SEO plugin v27.4 - https:\/\/yoast.com\/product\/yoast-seo-wordpress\/ -->\n<title>Danke - imima<\/title>\n<meta name=\"robots\" content=\"index, follow, max-snippet:-1, max-image-preview:large, max-video-preview:-1\" \/>\n<link rel=\"canonical\" href=\"https:\/\/imima.de\/en\/kontakt\/danke\" \/>\n<meta property=\"og:locale\" content=\"en_GB\" \/>\n<meta property=\"og:type\" content=\"article\" \/>\n<meta property=\"og:title\" content=\"Danke - imima\" \/>\n<meta property=\"og:description\" content=\"Vielen Dank &#8230; f\u00fcr Ihre Nachricht! Wir werden Ihre Nachricht in den n\u00e4chsten 2-3 Tagen bearbeiten und uns dann bei Ihnen melden. Tel.: +49 (0)89 54662244 ge\u00f6ffnet 09:00 &#8211; 18:00 imima GmbH Schwarz\u00e4ckerstr. 41 82178 Puchheim Email: info(et)imima.de\" \/>\n<meta property=\"og:url\" content=\"https:\/\/imima.de\/en\/kontakt\/danke\" \/>\n<meta property=\"og:site_name\" content=\"imima\" \/>\n<meta property=\"article:modified_time\" content=\"2022-02-21T11:52:56+00:00\" \/>\n<meta property=\"og:image\" content=\"https:\/\/imima-puchheim.de\/wp-content\/uploads\/2021\/12\/logo-transparent-1024x456.png\" \/>\n<meta name=\"twitter:card\" content=\"summary_large_image\" \/>\n<script type=\"application\/ld+json\" class=\"yoast-schema-graph\">{\"@context\":\"https:\\\/\\\/schema.org\",\"@graph\":[{\"@type\":\"WebPage\",\"@id\":\"https:\\\/\\\/imima.de\\\/kontakt\\\/danke\",\"url\":\"https:\\\/\\\/imima.de\\\/kontakt\\\/danke\",\"name\":\"Danke - imima\",\"isPartOf\":{\"@id\":\"https:\\\/\\\/imima.de\\\/en\\\/#website\"},\"primaryImageOfPage\":{\"@id\":\"https:\\\/\\\/imima.de\\\/kontakt\\\/danke#primaryimage\"},\"image\":{\"@id\":\"https:\\\/\\\/imima.de\\\/kontakt\\\/danke#primaryimage\"},\"thumbnailUrl\":\"https:\\\/\\\/imima-puchheim.de\\\/wp-content\\\/uploads\\\/2021\\\/12\\\/logo-transparent-1024x456.png\",\"datePublished\":\"2022-02-21T11:25:35+00:00\",\"dateModified\":\"2022-02-21T11:52:56+00:00\",\"breadcrumb\":{\"@id\":\"https:\\\/\\\/imima.de\\\/kontakt\\\/danke#breadcrumb\"},\"inLanguage\":\"en-GB\",\"potentialAction\":[{\"@type\":\"ReadAction\",\"target\":[\"https:\\\/\\\/imima.de\\\/kontakt\\\/danke\"]}]},{\"@type\":\"ImageObject\",\"inLanguage\":\"en-GB\",\"@id\":\"https:\\\/\\\/imima.de\\\/kontakt\\\/danke#primaryimage\",\"url\":\"https:\\\/\\\/imima-puchheim.de\\\/wp-content\\\/uploads\\\/2021\\\/12\\\/logo-transparent-1024x456.png\",\"contentUrl\":\"https:\\\/\\\/imima-puchheim.de\\\/wp-content\\\/uploads\\\/2021\\\/12\\\/logo-transparent-1024x456.png\"},{\"@type\":\"BreadcrumbList\",\"@id\":\"https:\\\/\\\/imima.de\\\/kontakt\\\/danke#breadcrumb\",\"itemListElement\":[{\"@type\":\"ListItem\",\"position\":1,\"name\":\"Startseite\",\"item\":\"https:\\\/\\\/imima.de\\\/\"},{\"@type\":\"ListItem\",\"position\":2,\"name\":\"Kontakt\",\"item\":\"https:\\\/\\\/imima.de\\\/kontakt\"},{\"@type\":\"ListItem\",\"position\":3,\"name\":\"Danke\"}]},{\"@type\":\"WebSite\",\"@id\":\"https:\\\/\\\/imima.de\\\/en\\\/#website\",\"url\":\"https:\\\/\\\/imima.de\\\/en\\\/\",\"name\":\"imima\",\"description\":\"Your story, beautifully told - Created with WordPress managed by IONOS\",\"publisher\":{\"@id\":\"https:\\\/\\\/imima.de\\\/en\\\/#organization\"},\"potentialAction\":[{\"@type\":\"SearchAction\",\"target\":{\"@type\":\"EntryPoint\",\"urlTemplate\":\"https:\\\/\\\/imima.de\\\/en\\\/?s={search_term_string}\"},\"query-input\":{\"@type\":\"PropertyValueSpecification\",\"valueRequired\":true,\"valueName\":\"search_term_string\"}}],\"inLanguage\":\"en-GB\"},{\"@type\":\"Organization\",\"@id\":\"https:\\\/\\\/imima.de\\\/en\\\/#organization\",\"name\":\"imima\",\"url\":\"https:\\\/\\\/imima.de\\\/en\\\/\",\"logo\":{\"@type\":\"ImageObject\",\"inLanguage\":\"en-GB\",\"@id\":\"https:\\\/\\\/imima.de\\\/en\\\/#\\\/schema\\\/logo\\\/image\\\/\",\"url\":\"https:\\\/\\\/imima.de\\\/wp-content\\\/uploads\\\/2021\\\/12\\\/logo-transparent.png\",\"contentUrl\":\"https:\\\/\\\/imima.de\\\/wp-content\\\/uploads\\\/2021\\\/12\\\/logo-transparent.png\",\"width\":1193,\"height\":531,\"caption\":\"imima\"},\"image\":{\"@id\":\"https:\\\/\\\/imima.de\\\/en\\\/#\\\/schema\\\/logo\\\/image\\\/\"}}]}<\/script>\n<!-- \/ Yoast SEO plugin. -->","yoast_head_json":{"title":"Thank you - imima","robots":{"index":"index","follow":"follow","max-snippet":"max-snippet:-1","max-image-preview":"max-image-preview:large","max-video-preview":"max-video-preview:-1"},"canonical":"https:\/\/imima.de\/en\/kontakt\/danke","og_locale":"en_GB","og_type":"article","og_title":"Danke - imima","og_description":"Vielen Dank &#8230; f\u00fcr Ihre Nachricht! Wir werden Ihre Nachricht in den n\u00e4chsten 2-3 Tagen bearbeiten und uns dann bei Ihnen melden. Tel.: +49 (0)89 54662244 ge\u00f6ffnet 09:00 &#8211; 18:00 imima GmbH Schwarz\u00e4ckerstr. 41 82178 Puchheim Email: info(et)imima.de","og_url":"https:\/\/imima.de\/en\/kontakt\/danke","og_site_name":"imima","article_modified_time":"2022-02-21T11:52:56+00:00","og_image":[{"url":"https:\/\/imima-puchheim.de\/wp-content\/uploads\/2021\/12\/logo-transparent-1024x456.png","type":"","width":"","height":""}],"twitter_card":"summary_large_image","schema":{"@context":"https:\/\/schema.org","@graph":[{"@type":"WebPage","@id":"https:\/\/imima.de\/kontakt\/danke","url":"https:\/\/imima.de\/kontakt\/danke","name":"Thank you - imima","isPartOf":{"@id":"https:\/\/imima.de\/en\/#website"},"primaryImageOfPage":{"@id":"https:\/\/imima.de\/kontakt\/danke#primaryimage"},"image":{"@id":"https:\/\/imima.de\/kontakt\/danke#primaryimage"},"thumbnailUrl":"https:\/\/imima-puchheim.de\/wp-content\/uploads\/2021\/12\/logo-transparent-1024x456.png","datePublished":"2022-02-21T11:25:35+00:00","dateModified":"2022-02-21T11:52:56+00:00","breadcrumb":{"@id":"https:\/\/imima.de\/kontakt\/danke#breadcrumb"},"inLanguage":"en-GB","potentialAction":[{"@type":"ReadAction","target":["https:\/\/imima.de\/kontakt\/danke"]}]},{"@type":"ImageObject","inLanguage":"en-GB","@id":"https:\/\/imima.de\/kontakt\/danke#primaryimage","url":"https:\/\/imima-puchheim.de\/wp-content\/uploads\/2021\/12\/logo-transparent-1024x456.png","contentUrl":"https:\/\/imima-puchheim.de\/wp-content\/uploads\/2021\/12\/logo-transparent-1024x456.png"},{"@type":"BreadcrumbList","@id":"https:\/\/imima.de\/kontakt\/danke#breadcrumb","itemListElement":[{"@type":"ListItem","position":1,"name":"Startseite","item":"https:\/\/imima.de\/"},{"@type":"ListItem","position":2,"name":"Kontakt","item":"https:\/\/imima.de\/kontakt"},{"@type":"ListItem","position":3,"name":"Danke"}]},{"@type":"WebSite","@id":"https:\/\/imima.de\/en\/#website","url":"https:\/\/imima.de\/en\/","name":"imima","description":"Your story, beautifully told - Created with WordPress managed by IONOS","publisher":{"@id":"https:\/\/imima.de\/en\/#organization"},"potentialAction":[{"@type":"SearchAction","target":{"@type":"EntryPoint","urlTemplate":"https:\/\/imima.de\/en\/?s={search_term_string}"},"query-input":{"@type":"PropertyValueSpecification","valueRequired":true,"valueName":"search_term_string"}}],"inLanguage":"en-GB"},{"@type":"Organization","@id":"https:\/\/imima.de\/en\/#organization","name":"imima","url":"https:\/\/imima.de\/en\/","logo":{"@type":"ImageObject","inLanguage":"en-GB","@id":"https:\/\/imima.de\/en\/#\/schema\/logo\/image\/","url":"https:\/\/imima.de\/wp-content\/uploads\/2021\/12\/logo-transparent.png","contentUrl":"https:\/\/imima.de\/wp-content\/uploads\/2021\/12\/logo-transparent.png","width":1193,"height":531,"caption":"imima"},"image":{"@id":"https:\/\/imima.de\/en\/#\/schema\/logo\/image\/"}}]}},"_links":{"self":[{"href":"https:\/\/imima.de\/en\/wp-json\/wp\/v2\/pages\/995","targetHints":{"allow":["GET"]}}],"collection":[{"href":"https:\/\/imima.de\/en\/wp-json\/wp\/v2\/pages"}],"about":[{"href":"https:\/\/imima.de\/en\/wp-json\/wp\/v2\/types\/page"}],"author":[{"embeddable":true,"href":"https:\/\/imima.de\/en\/wp-json\/wp\/v2\/users\/1"}],"replies":[{"embeddable":true,"href":"https:\/\/imima.de\/en\/wp-json\/wp\/v2\/comments?post=995"}],"version-history":[{"count":0,"href":"https:\/\/imima.de\/en\/wp-json\/wp\/v2\/pages\/995\/revisions"}],"up":[{"embeddable":true,"href":"https:\/\/imima.de\/en\/wp-json\/wp\/v2\/pages\/964"}],"wp:attachment":[{"href":"https:\/\/imima.de\/en\/wp-json\/wp\/v2\/media?parent=995"}],"curies":[{"name":"wp","href":"https:\/\/api.w.org\/{rel}","templated":true}]}}