{"id":1218,"date":"2022-03-02T09:48:24","date_gmt":"2022-03-02T09:48:24","guid":{"rendered":"https:\/\/imima.honeymoon-production.de\/?page_id=1218"},"modified":"2024-12-10T13:54:28","modified_gmt":"2024-12-10T13:54:28","slug":"ueber-uns","status":"publish","type":"page","link":"https:\/\/imima.de\/fr\/ueber-uns","title":{"rendered":"\u00c0 PROPOS DE NOUS"},"content":{"rendered":"<div data-elementor-type=\"wp-page\" data-elementor-id=\"1218\" class=\"elementor elementor-1218\" data-elementor-post-type=\"page\">\n\t\t\t\t\t\t<section class=\"elementor-section elementor-top-section elementor-element elementor-element-9fb6a5f elementor-section-boxed elementor-section-height-default elementor-section-height-default\" data-id=\"9fb6a5f\" data-element_type=\"section\" data-settings=\"{&quot;background_background&quot;:&quot;classic&quot;}\">\n\t\t\t\t\t\t<div class=\"elementor-container elementor-column-gap-default\">\n\t\t\t\t\t<div class=\"elementor-column elementor-col-100 elementor-top-column elementor-element elementor-element-935bd61\" data-id=\"935bd61\" data-element_type=\"column\" data-settings=\"{&quot;background_background&quot;:&quot;classic&quot;}\">\n\t\t\t<div class=\"elementor-widget-wrap elementor-element-populated\">\n\t\t\t\t\t\t<div class=\"elementor-element elementor-element-a9c7d74 elementor-invisible elementor-widget elementor-widget-heading\" data-id=\"a9c7d74\" data-element_type=\"widget\" data-settings=\"{&quot;_animation&quot;:&quot;fadeInUp&quot;}\" data-widget_type=\"heading.default\">\n\t\t\t\t<div class=\"elementor-widget-container\">\n\t\t\t\t\t<h1 class=\"elementor-heading-title elementor-size-default\">\u00c0 propos de nous<\/h1>\t\t\t\t<\/div>\n\t\t\t\t<\/div>\n\t\t\t\t<section class=\"elementor-section elementor-inner-section elementor-element elementor-element-25b0f03 elementor-reverse-tablet elementor-reverse-mobile elementor-section-boxed elementor-section-height-default elementor-section-height-default\" data-id=\"25b0f03\" data-element_type=\"section\">\n\t\t\t\t\t\t<div class=\"elementor-container elementor-column-gap-default\">\n\t\t\t\t\t<div class=\"elementor-column elementor-col-50 elementor-inner-column elementor-element elementor-element-8c0ae00\" data-id=\"8c0ae00\" data-element_type=\"column\">\n\t\t\t<div class=\"elementor-widget-wrap elementor-element-populated\">\n\t\t\t\t\t\t<div class=\"elementor-element elementor-element-7bbb85a elementor-widget elementor-widget-image\" data-id=\"7bbb85a\" data-element_type=\"widget\" data-widget_type=\"image.default\">\n\t\t\t\t<div class=\"elementor-widget-container\">\n\t\t\t\t\t\t\t\t\t\t\t\t\t\t\t<img fetchpriority=\"high\" decoding=\"async\" width=\"518\" height=\"302\" src=\"https:\/\/imima.de\/wp-content\/uploads\/2022\/03\/Startseite_Ueber_Uns_WOP_518_5.jpg\" class=\"attachment-large size-large wp-image-1278\" alt=\"\" srcset=\"https:\/\/imima.de\/wp-content\/uploads\/2022\/03\/Startseite_Ueber_Uns_WOP_518_5.jpg 518w, https:\/\/imima.de\/wp-content\/uploads\/2022\/03\/Startseite_Ueber_Uns_WOP_518_5-300x175.jpg 300w, https:\/\/imima.de\/wp-content\/uploads\/2022\/03\/Startseite_Ueber_Uns_WOP_518_5-18x10.jpg 18w\" sizes=\"(max-width: 518px) 100vw, 518px\" \/>\t\t\t\t\t\t\t\t\t\t\t\t\t\t\t<\/div>\n\t\t\t\t<\/div>\n\t\t\t\t\t<\/div>\n\t\t<\/div>\n\t\t\t\t<div class=\"elementor-column elementor-col-50 elementor-inner-column elementor-element elementor-element-dec2f65\" data-id=\"dec2f65\" data-element_type=\"column\">\n\t\t\t<div class=\"elementor-widget-wrap elementor-element-populated\">\n\t\t\t\t\t\t<div class=\"elementor-element elementor-element-5ff599d elementor-widget elementor-widget-text-editor\" data-id=\"5ff599d\" data-element_type=\"widget\" data-widget_type=\"text-editor.default\">\n\t\t\t\t<div class=\"elementor-widget-container\">\n\t\t\t\t\t\t\t\t\t<p>imima est le partenaire exclusif du fabricant grec S.I.N. HELLAS. Depuis 25 ans, l\u2019entreprise produit des pierres \u00e0 sel et pierres \u00e0 l\u00e9cher sp\u00e9ciales \u00e0 base de sel de mer M\u00e9diterran\u00e9e pur de qualit\u00e9 alimentaire. S.I.N. HELLAS propose la plus grande gamme de pierres \u00e0 l\u00e9cher au monde et est consid\u00e9r\u00e9e comme le leader du march\u00e9 dans ce domaine. Des pierres \u00e0 l\u00e9cher sp\u00e9ciales ont \u00e9t\u00e9 con\u00e7ues afin de permettre aux chevaux, bovins, caprins et ovins d\u2019absorber des min\u00e9raux, oligo-\u00e9l\u00e9ments, vitamines, herbes et m\u00eame des levures vivantes de mani\u00e8re simple et en fonction de leurs besoins individuels.<\/p><p>Pour la premi\u00e8re fois, une pierre \u00e0 l\u00e9cher sp\u00e9ciale pour les porcs a \u00e9t\u00e9 d\u00e9velopp\u00e9e. Gr\u00e2ce \u00e0 sa formule contenant des substances actives v\u00e9g\u00e9tales apaisantes, elle assure une plus grande s\u00e9r\u00e9nit\u00e9 aux animaux et favorise leur bien-\u00eatre.<\/p><p>Nos pierres \u00e0 l\u00e9cher vous permettent de pr\u00e9venir les carences et les maladies qui en r\u00e9sultent. Elles contribuent \u00e0 pr\u00e9server la vitalit\u00e9 et la sant\u00e9 des animaux, mais accroissent \u00e9galement leur r\u00e9sistance face aux maladies.<\/p><p>Chacune de nos pierres \u00e0 l\u00e9cher est le fruit d'une longue exp\u00e9rience. La production est certifi\u00e9e ISO 22000 et QS. Les pierres \u00e0 l\u00e9cher sont d\u00e9velopp\u00e9es dans l'UE et fabriqu\u00e9es en Gr\u00e8ce selon les normes sociales et environnementales de l'UE. Cela nous procure non seulement un sentiment de bien-\u00eatre, mais aussi le sourire du soleil grec pour nous et nos animaux.<\/p>\t\t\t\t\t\t\t\t<\/div>\n\t\t\t\t<\/div>\n\t\t\t\t\t<\/div>\n\t\t<\/div>\n\t\t\t\t\t<\/div>\n\t\t<\/section>\n\t\t\t\t\t<\/div>\n\t\t<\/div>\n\t\t\t\t\t<\/div>\n\t\t<\/section>\n\t\t\t\t<\/div>","protected":false},"excerpt":{"rendered":"<p>\u00dcber Uns Imima ist der exklusive Vertriebspartner des Lecksteine-Herstellers S.I.N. HELLAS. Gemeinsam bieten wir die umfassendste Auswahl an Minerallecksteinen und zeigen, dass Tiere neben Salz und Mineralstoffen weitaus mehr Gutes \u00fcber Lecksteine aufnehmen k\u00f6nnen. Seit \u00fcber 25 Jahren produziert S.I.N. HELLAS verschiedenste Minerallecksteine aus reinem Mittelmeersalz in Speisesalzqualit\u00e4t und gilt heute als Marktf\u00fchrer f\u00fcr spezielle [&hellip;]<\/p>","protected":false},"author":1,"featured_media":0,"parent":0,"menu_order":0,"comment_status":"closed","ping_status":"closed","template":"elementor_header_footer","meta":{"_acf_changed":false,"footnotes":""},"class_list":["post-1218","page","type-page","status-publish","hentry"],"acf":[],"yoast_head":"<!-- This site is optimized with the Yoast SEO plugin v27.3 - https:\/\/yoast.com\/product\/yoast-seo-wordpress\/ -->\n<title>\u00dcber uns - imima<\/title>\n<meta name=\"robots\" content=\"index, follow, max-snippet:-1, max-image-preview:large, max-video-preview:-1\" \/>\n<link rel=\"canonical\" href=\"https:\/\/imima.de\/fr\/ueber-uns\" \/>\n<meta property=\"og:locale\" content=\"fr_FR\" \/>\n<meta property=\"og:type\" content=\"article\" \/>\n<meta property=\"og:title\" content=\"\u00dcber uns - imima\" \/>\n<meta property=\"og:description\" content=\"\u00dcber Uns Imima ist der exklusive Vertriebspartner des Lecksteine-Herstellers S.I.N. HELLAS. Gemeinsam bieten wir die umfassendste Auswahl an Minerallecksteinen und zeigen, dass Tiere neben Salz und Mineralstoffen weitaus mehr Gutes \u00fcber Lecksteine aufnehmen k\u00f6nnen. Seit \u00fcber 25 Jahren produziert S.I.N. HELLAS verschiedenste Minerallecksteine aus reinem Mittelmeersalz in Speisesalzqualit\u00e4t und gilt heute als Marktf\u00fchrer f\u00fcr spezielle [&hellip;]\" \/>\n<meta property=\"og:url\" content=\"https:\/\/imima.de\/fr\/ueber-uns\" \/>\n<meta property=\"og:site_name\" content=\"imima\" \/>\n<meta property=\"article:modified_time\" content=\"2024-12-10T13:54:28+00:00\" \/>\n<meta property=\"og:image\" content=\"https:\/\/imima.de\/wp-content\/uploads\/2022\/03\/Startseite_Ueber_Uns_WOP_518_5.jpg\" \/>\n\t<meta property=\"og:image:width\" content=\"518\" \/>\n\t<meta property=\"og:image:height\" content=\"302\" \/>\n\t<meta property=\"og:image:type\" content=\"image\/jpeg\" \/>\n<meta name=\"twitter:card\" content=\"summary_large_image\" \/>\n<meta name=\"twitter:label1\" content=\"Dur\u00e9e de lecture estim\u00e9e\" \/>\n\t<meta name=\"twitter:data1\" content=\"2 minutes\" \/>\n<script type=\"application\/ld+json\" class=\"yoast-schema-graph\">{\"@context\":\"https:\\\/\\\/schema.org\",\"@graph\":[{\"@type\":\"WebPage\",\"@id\":\"https:\\\/\\\/imima.de\\\/ueber-uns\",\"url\":\"https:\\\/\\\/imima.de\\\/ueber-uns\",\"name\":\"\u00dcber uns - imima\",\"isPartOf\":{\"@id\":\"https:\\\/\\\/imima.de\\\/en\\\/#website\"},\"primaryImageOfPage\":{\"@id\":\"https:\\\/\\\/imima.de\\\/ueber-uns#primaryimage\"},\"image\":{\"@id\":\"https:\\\/\\\/imima.de\\\/ueber-uns#primaryimage\"},\"thumbnailUrl\":\"https:\\\/\\\/imima.de\\\/wp-content\\\/uploads\\\/2022\\\/03\\\/Startseite_Ueber_Uns_WOP_518_5.jpg\",\"datePublished\":\"2022-03-02T09:48:24+00:00\",\"dateModified\":\"2024-12-10T13:54:28+00:00\",\"breadcrumb\":{\"@id\":\"https:\\\/\\\/imima.de\\\/ueber-uns#breadcrumb\"},\"inLanguage\":\"fr-FR\",\"potentialAction\":[{\"@type\":\"ReadAction\",\"target\":[\"https:\\\/\\\/imima.de\\\/ueber-uns\"]}]},{\"@type\":\"ImageObject\",\"inLanguage\":\"fr-FR\",\"@id\":\"https:\\\/\\\/imima.de\\\/ueber-uns#primaryimage\",\"url\":\"https:\\\/\\\/imima.de\\\/wp-content\\\/uploads\\\/2022\\\/03\\\/Startseite_Ueber_Uns_WOP_518_5.jpg\",\"contentUrl\":\"https:\\\/\\\/imima.de\\\/wp-content\\\/uploads\\\/2022\\\/03\\\/Startseite_Ueber_Uns_WOP_518_5.jpg\"},{\"@type\":\"BreadcrumbList\",\"@id\":\"https:\\\/\\\/imima.de\\\/ueber-uns#breadcrumb\",\"itemListElement\":[{\"@type\":\"ListItem\",\"position\":1,\"name\":\"Startseite\",\"item\":\"https:\\\/\\\/imima.de\\\/\"},{\"@type\":\"ListItem\",\"position\":2,\"name\":\"\u00dcber uns\"}]},{\"@type\":\"WebSite\",\"@id\":\"https:\\\/\\\/imima.de\\\/en\\\/#website\",\"url\":\"https:\\\/\\\/imima.de\\\/en\\\/\",\"name\":\"imima\",\"description\":\"Your story, beautifully told - Created with WordPress managed by IONOS\",\"publisher\":{\"@id\":\"https:\\\/\\\/imima.de\\\/en\\\/#organization\"},\"potentialAction\":[{\"@type\":\"SearchAction\",\"target\":{\"@type\":\"EntryPoint\",\"urlTemplate\":\"https:\\\/\\\/imima.de\\\/en\\\/?s={search_term_string}\"},\"query-input\":{\"@type\":\"PropertyValueSpecification\",\"valueRequired\":true,\"valueName\":\"search_term_string\"}}],\"inLanguage\":\"fr-FR\"},{\"@type\":\"Organization\",\"@id\":\"https:\\\/\\\/imima.de\\\/en\\\/#organization\",\"name\":\"imima\",\"url\":\"https:\\\/\\\/imima.de\\\/en\\\/\",\"logo\":{\"@type\":\"ImageObject\",\"inLanguage\":\"fr-FR\",\"@id\":\"https:\\\/\\\/imima.de\\\/en\\\/#\\\/schema\\\/logo\\\/image\\\/\",\"url\":\"https:\\\/\\\/imima.de\\\/wp-content\\\/uploads\\\/2021\\\/12\\\/logo-transparent.png\",\"contentUrl\":\"https:\\\/\\\/imima.de\\\/wp-content\\\/uploads\\\/2021\\\/12\\\/logo-transparent.png\",\"width\":1193,\"height\":531,\"caption\":\"imima\"},\"image\":{\"@id\":\"https:\\\/\\\/imima.de\\\/en\\\/#\\\/schema\\\/logo\\\/image\\\/\"}}]}<\/script>\n<!-- \/ Yoast SEO plugin. -->","yoast_head_json":{"title":"\u00dcber uns - imima","robots":{"index":"index","follow":"follow","max-snippet":"max-snippet:-1","max-image-preview":"max-image-preview:large","max-video-preview":"max-video-preview:-1"},"canonical":"https:\/\/imima.de\/fr\/ueber-uns","og_locale":"fr_FR","og_type":"article","og_title":"\u00dcber uns - imima","og_description":"\u00dcber Uns Imima ist der exklusive Vertriebspartner des Lecksteine-Herstellers S.I.N. HELLAS. Gemeinsam bieten wir die umfassendste Auswahl an Minerallecksteinen und zeigen, dass Tiere neben Salz und Mineralstoffen weitaus mehr Gutes \u00fcber Lecksteine aufnehmen k\u00f6nnen. Seit \u00fcber 25 Jahren produziert S.I.N. HELLAS verschiedenste Minerallecksteine aus reinem Mittelmeersalz in Speisesalzqualit\u00e4t und gilt heute als Marktf\u00fchrer f\u00fcr spezielle [&hellip;]","og_url":"https:\/\/imima.de\/fr\/ueber-uns","og_site_name":"imima","article_modified_time":"2024-12-10T13:54:28+00:00","og_image":[{"width":518,"height":302,"url":"https:\/\/imima.de\/wp-content\/uploads\/2022\/03\/Startseite_Ueber_Uns_WOP_518_5.jpg","type":"image\/jpeg"}],"twitter_card":"summary_large_image","twitter_misc":{"Dur\u00e9e de lecture estim\u00e9e":"2 minutes"},"schema":{"@context":"https:\/\/schema.org","@graph":[{"@type":"WebPage","@id":"https:\/\/imima.de\/ueber-uns","url":"https:\/\/imima.de\/ueber-uns","name":"\u00dcber uns - imima","isPartOf":{"@id":"https:\/\/imima.de\/en\/#website"},"primaryImageOfPage":{"@id":"https:\/\/imima.de\/ueber-uns#primaryimage"},"image":{"@id":"https:\/\/imima.de\/ueber-uns#primaryimage"},"thumbnailUrl":"https:\/\/imima.de\/wp-content\/uploads\/2022\/03\/Startseite_Ueber_Uns_WOP_518_5.jpg","datePublished":"2022-03-02T09:48:24+00:00","dateModified":"2024-12-10T13:54:28+00:00","breadcrumb":{"@id":"https:\/\/imima.de\/ueber-uns#breadcrumb"},"inLanguage":"fr-FR","potentialAction":[{"@type":"ReadAction","target":["https:\/\/imima.de\/ueber-uns"]}]},{"@type":"ImageObject","inLanguage":"fr-FR","@id":"https:\/\/imima.de\/ueber-uns#primaryimage","url":"https:\/\/imima.de\/wp-content\/uploads\/2022\/03\/Startseite_Ueber_Uns_WOP_518_5.jpg","contentUrl":"https:\/\/imima.de\/wp-content\/uploads\/2022\/03\/Startseite_Ueber_Uns_WOP_518_5.jpg"},{"@type":"BreadcrumbList","@id":"https:\/\/imima.de\/ueber-uns#breadcrumb","itemListElement":[{"@type":"ListItem","position":1,"name":"Startseite","item":"https:\/\/imima.de\/"},{"@type":"ListItem","position":2,"name":"\u00dcber uns"}]},{"@type":"WebSite","@id":"https:\/\/imima.de\/en\/#website","url":"https:\/\/imima.de\/en\/","name":"imima","description":"Votre histoire, joliment racont\u00e9e - Cr\u00e9\u00e9 avec WordPress g\u00e9r\u00e9 par IONOS","publisher":{"@id":"https:\/\/imima.de\/en\/#organization"},"potentialAction":[{"@type":"SearchAction","target":{"@type":"EntryPoint","urlTemplate":"https:\/\/imima.de\/en\/?s={search_term_string}"},"query-input":{"@type":"PropertyValueSpecification","valueRequired":true,"valueName":"search_term_string"}}],"inLanguage":"fr-FR"},{"@type":"Organization","@id":"https:\/\/imima.de\/en\/#organization","name":"imima","url":"https:\/\/imima.de\/en\/","logo":{"@type":"ImageObject","inLanguage":"fr-FR","@id":"https:\/\/imima.de\/en\/#\/schema\/logo\/image\/","url":"https:\/\/imima.de\/wp-content\/uploads\/2021\/12\/logo-transparent.png","contentUrl":"https:\/\/imima.de\/wp-content\/uploads\/2021\/12\/logo-transparent.png","width":1193,"height":531,"caption":"imima"},"image":{"@id":"https:\/\/imima.de\/en\/#\/schema\/logo\/image\/"}}]}},"_links":{"self":[{"href":"https:\/\/imima.de\/fr\/wp-json\/wp\/v2\/pages\/1218","targetHints":{"allow":["GET"]}}],"collection":[{"href":"https:\/\/imima.de\/fr\/wp-json\/wp\/v2\/pages"}],"about":[{"href":"https:\/\/imima.de\/fr\/wp-json\/wp\/v2\/types\/page"}],"author":[{"embeddable":true,"href":"https:\/\/imima.de\/fr\/wp-json\/wp\/v2\/users\/1"}],"replies":[{"embeddable":true,"href":"https:\/\/imima.de\/fr\/wp-json\/wp\/v2\/comments?post=1218"}],"version-history":[{"count":6,"href":"https:\/\/imima.de\/fr\/wp-json\/wp\/v2\/pages\/1218\/revisions"}],"predecessor-version":[{"id":3176,"href":"https:\/\/imima.de\/fr\/wp-json\/wp\/v2\/pages\/1218\/revisions\/3176"}],"wp:attachment":[{"href":"https:\/\/imima.de\/fr\/wp-json\/wp\/v2\/media?parent=1218"}],"curies":[{"name":"wp","href":"https:\/\/api.w.org\/{rel}","templated":true}]}}