{"id":1141,"date":"2022-02-25T13:31:15","date_gmt":"2022-02-25T13:31:15","guid":{"rendered":"https:\/\/imima.honeymoon-production.de\/?page_id=1141"},"modified":"2022-05-04T09:51:50","modified_gmt":"2022-05-04T09:51:50","slug":"private-label","status":"publish","type":"page","link":"https:\/\/imima.de\/pl\/private-label","title":{"rendered":"Marka w\u0142asna"},"content":{"rendered":"<div data-elementor-type=\"wp-page\" data-elementor-id=\"1141\" class=\"elementor elementor-1141\" data-elementor-post-type=\"page\">\n\t\t\t\t\t\t<section class=\"elementor-section elementor-top-section elementor-element elementor-element-0f6dac7 elementor-section-boxed elementor-section-height-default elementor-section-height-default\" data-id=\"0f6dac7\" data-element_type=\"section\" data-settings=\"{&quot;background_background&quot;:&quot;classic&quot;}\">\n\t\t\t\t\t\t<div class=\"elementor-container elementor-column-gap-default\">\n\t\t\t\t\t<div class=\"elementor-column elementor-col-100 elementor-top-column elementor-element elementor-element-658fc9a\" data-id=\"658fc9a\" data-element_type=\"column\" data-settings=\"{&quot;background_background&quot;:&quot;classic&quot;}\">\n\t\t\t<div class=\"elementor-widget-wrap elementor-element-populated\">\n\t\t\t\t\t\t<div class=\"elementor-element elementor-element-62306e6 elementor-invisible elementor-widget elementor-widget-heading\" data-id=\"62306e6\" data-element_type=\"widget\" data-settings=\"{&quot;_animation&quot;:&quot;fadeInUp&quot;}\" data-widget_type=\"heading.default\">\n\t\t\t\t<div class=\"elementor-widget-container\">\n\t\t\t\t\t<h2 class=\"elementor-heading-title elementor-size-default\">Marka w\u0142asna<\/h2>\t\t\t\t<\/div>\n\t\t\t\t<\/div>\n\t\t\t\t<section class=\"elementor-section elementor-inner-section elementor-element elementor-element-ec5fc50 elementor-reverse-tablet elementor-reverse-mobile elementor-section-boxed elementor-section-height-default elementor-section-height-default\" data-id=\"ec5fc50\" data-element_type=\"section\">\n\t\t\t\t\t\t<div class=\"elementor-container elementor-column-gap-default\">\n\t\t\t\t\t<div class=\"elementor-column elementor-col-50 elementor-inner-column elementor-element elementor-element-dcde007\" data-id=\"dcde007\" data-element_type=\"column\">\n\t\t\t<div class=\"elementor-widget-wrap elementor-element-populated\">\n\t\t\t\t\t\t<div class=\"elementor-element elementor-element-98f1915 elementor-widget elementor-widget-image\" data-id=\"98f1915\" data-element_type=\"widget\" data-widget_type=\"image.default\">\n\t\t\t\t<div class=\"elementor-widget-container\">\n\t\t\t\t\t\t\t\t\t\t\t\t\t\t\t<img fetchpriority=\"high\" decoding=\"async\" width=\"800\" height=\"534\" src=\"https:\/\/imima.de\/wp-content\/uploads\/2022\/01\/6_ohneLogo-1024x684.jpg\" class=\"attachment-large size-large wp-image-521\" alt=\"\" srcset=\"https:\/\/imima.de\/wp-content\/uploads\/2022\/01\/6_ohneLogo-1024x684.jpg 1024w, https:\/\/imima.de\/wp-content\/uploads\/2022\/01\/6_ohneLogo-300x200.jpg 300w, https:\/\/imima.de\/wp-content\/uploads\/2022\/01\/6_ohneLogo-768x513.jpg 768w, https:\/\/imima.de\/wp-content\/uploads\/2022\/01\/6_ohneLogo-1536x1025.jpg 1536w, https:\/\/imima.de\/wp-content\/uploads\/2022\/01\/6_ohneLogo-2048x1367.jpg 2048w, https:\/\/imima.de\/wp-content\/uploads\/2022\/01\/6_ohneLogo-18x12.jpg 18w\" sizes=\"(max-width: 800px) 100vw, 800px\" \/>\t\t\t\t\t\t\t\t\t\t\t\t\t\t\t<\/div>\n\t\t\t\t<\/div>\n\t\t\t\t\t<\/div>\n\t\t<\/div>\n\t\t\t\t<div class=\"elementor-column elementor-col-50 elementor-inner-column elementor-element elementor-element-22f9cac\" data-id=\"22f9cac\" data-element_type=\"column\">\n\t\t\t<div class=\"elementor-widget-wrap elementor-element-populated\">\n\t\t\t\t\t\t<div class=\"elementor-element elementor-element-a133ae3 elementor-widget elementor-widget-heading\" data-id=\"a133ae3\" data-element_type=\"widget\" data-widget_type=\"heading.default\">\n\t\t\t\t<div class=\"elementor-widget-container\">\n\t\t\t\t\t<h2 class=\"elementor-heading-title elementor-size-default\">Gib hier deine \u00dcberschrift ein<\/h2>\t\t\t\t<\/div>\n\t\t\t\t<\/div>\n\t\t\t\t<div class=\"elementor-element elementor-element-93684c2 elementor-widget elementor-widget-text-editor\" data-id=\"93684c2\" data-element_type=\"widget\" data-widget_type=\"text-editor.default\">\n\t\t\t\t<div class=\"elementor-widget-container\">\n\t\t\t\t\t\t\t\t\t<p>Lorem ipsum dolor sit amet, consectetur adipiscing elit. Ut elit tellus, luctus nec ullamcorper mattis, pulvinar dapibus leo.<\/p>\t\t\t\t\t\t\t\t<\/div>\n\t\t\t\t<\/div>\n\t\t\t\t<div class=\"elementor-element elementor-element-65e5f4a elementor-align-center elementor-widget__width-auto elementor-widget elementor-widget-button\" data-id=\"65e5f4a\" data-element_type=\"widget\" data-widget_type=\"button.default\">\n\t\t\t\t<div class=\"elementor-widget-container\">\n\t\t\t\t\t\t\t\t\t<div class=\"elementor-button-wrapper\">\n\t\t\t\t\t<a class=\"elementor-button elementor-button-link elementor-size-xs\" href=\"https:\/\/imima-puchheim.de\/kontakt\">\n\t\t\t\t\t\t<span class=\"elementor-button-content-wrapper\">\n\t\t\t\t\t\t\t\t\t<span class=\"elementor-button-text\">KONTAKT<\/span>\n\t\t\t\t\t<\/span>\n\t\t\t\t\t<\/a>\n\t\t\t\t<\/div>\n\t\t\t\t\t\t\t\t<\/div>\n\t\t\t\t<\/div>\n\t\t\t\t\t<\/div>\n\t\t<\/div>\n\t\t\t\t\t<\/div>\n\t\t<\/section>\n\t\t\t\t\t<\/div>\n\t\t<\/div>\n\t\t\t\t\t<\/div>\n\t\t<\/section>\n\t\t\t\t<\/div>","protected":false},"excerpt":{"rendered":"<p>Private Label Gib hier deine \u00dcberschrift ein Lorem ipsum dolor sit amet, consectetur adipiscing elit. Ut elit tellus, luctus nec ullamcorper mattis, pulvinar dapibus leo. Kontakt<\/p>","protected":false},"author":1,"featured_media":0,"parent":0,"menu_order":0,"comment_status":"closed","ping_status":"closed","template":"elementor_header_footer","meta":{"_acf_changed":false,"footnotes":""},"class_list":["post-1141","page","type-page","status-publish","hentry"],"acf":[],"yoast_head":"<!-- This site is optimized with the Yoast SEO plugin v27.3 - https:\/\/yoast.com\/product\/yoast-seo-wordpress\/ -->\n<title>Private Label - imima<\/title>\n<meta name=\"robots\" content=\"index, follow, max-snippet:-1, max-image-preview:large, max-video-preview:-1\" \/>\n<link rel=\"canonical\" href=\"https:\/\/imima.de\/pl\/private-label\" \/>\n<meta property=\"og:locale\" content=\"pl_PL\" \/>\n<meta property=\"og:type\" content=\"article\" \/>\n<meta property=\"og:title\" content=\"Private Label - imima\" \/>\n<meta property=\"og:description\" content=\"Private Label Gib hier deine \u00dcberschrift ein Lorem ipsum dolor sit amet, consectetur adipiscing elit. Ut elit tellus, luctus nec ullamcorper mattis, pulvinar dapibus leo. Kontakt\" \/>\n<meta property=\"og:url\" content=\"https:\/\/imima.de\/pl\/private-label\" \/>\n<meta property=\"og:site_name\" content=\"imima\" \/>\n<meta property=\"article:modified_time\" content=\"2022-05-04T09:51:50+00:00\" \/>\n<meta property=\"og:image\" content=\"https:\/\/imima-puchheim.de\/wp-content\/uploads\/2022\/01\/6_ohneLogo-1024x684.jpg\" \/>\n<meta name=\"twitter:card\" content=\"summary_large_image\" \/>\n<script type=\"application\/ld+json\" class=\"yoast-schema-graph\">{\"@context\":\"https:\\\/\\\/schema.org\",\"@graph\":[{\"@type\":\"WebPage\",\"@id\":\"https:\\\/\\\/imima.de\\\/private-label\",\"url\":\"https:\\\/\\\/imima.de\\\/private-label\",\"name\":\"Private Label - imima\",\"isPartOf\":{\"@id\":\"https:\\\/\\\/imima.de\\\/en\\\/#website\"},\"primaryImageOfPage\":{\"@id\":\"https:\\\/\\\/imima.de\\\/private-label#primaryimage\"},\"image\":{\"@id\":\"https:\\\/\\\/imima.de\\\/private-label#primaryimage\"},\"thumbnailUrl\":\"https:\\\/\\\/imima-puchheim.de\\\/wp-content\\\/uploads\\\/2022\\\/01\\\/6_ohneLogo-1024x684.jpg\",\"datePublished\":\"2022-02-25T13:31:15+00:00\",\"dateModified\":\"2022-05-04T09:51:50+00:00\",\"breadcrumb\":{\"@id\":\"https:\\\/\\\/imima.de\\\/private-label#breadcrumb\"},\"inLanguage\":\"pl-PL\",\"potentialAction\":[{\"@type\":\"ReadAction\",\"target\":[\"https:\\\/\\\/imima.de\\\/private-label\"]}]},{\"@type\":\"ImageObject\",\"inLanguage\":\"pl-PL\",\"@id\":\"https:\\\/\\\/imima.de\\\/private-label#primaryimage\",\"url\":\"https:\\\/\\\/imima-puchheim.de\\\/wp-content\\\/uploads\\\/2022\\\/01\\\/6_ohneLogo-1024x684.jpg\",\"contentUrl\":\"https:\\\/\\\/imima-puchheim.de\\\/wp-content\\\/uploads\\\/2022\\\/01\\\/6_ohneLogo-1024x684.jpg\"},{\"@type\":\"BreadcrumbList\",\"@id\":\"https:\\\/\\\/imima.de\\\/private-label#breadcrumb\",\"itemListElement\":[{\"@type\":\"ListItem\",\"position\":1,\"name\":\"Startseite\",\"item\":\"https:\\\/\\\/imima.de\\\/\"},{\"@type\":\"ListItem\",\"position\":2,\"name\":\"Private Label\"}]},{\"@type\":\"WebSite\",\"@id\":\"https:\\\/\\\/imima.de\\\/en\\\/#website\",\"url\":\"https:\\\/\\\/imima.de\\\/en\\\/\",\"name\":\"imima\",\"description\":\"Your story, beautifully told - Created with WordPress managed by IONOS\",\"publisher\":{\"@id\":\"https:\\\/\\\/imima.de\\\/en\\\/#organization\"},\"potentialAction\":[{\"@type\":\"SearchAction\",\"target\":{\"@type\":\"EntryPoint\",\"urlTemplate\":\"https:\\\/\\\/imima.de\\\/en\\\/?s={search_term_string}\"},\"query-input\":{\"@type\":\"PropertyValueSpecification\",\"valueRequired\":true,\"valueName\":\"search_term_string\"}}],\"inLanguage\":\"pl-PL\"},{\"@type\":\"Organization\",\"@id\":\"https:\\\/\\\/imima.de\\\/en\\\/#organization\",\"name\":\"imima\",\"url\":\"https:\\\/\\\/imima.de\\\/en\\\/\",\"logo\":{\"@type\":\"ImageObject\",\"inLanguage\":\"pl-PL\",\"@id\":\"https:\\\/\\\/imima.de\\\/en\\\/#\\\/schema\\\/logo\\\/image\\\/\",\"url\":\"https:\\\/\\\/imima.de\\\/wp-content\\\/uploads\\\/2021\\\/12\\\/logo-transparent.png\",\"contentUrl\":\"https:\\\/\\\/imima.de\\\/wp-content\\\/uploads\\\/2021\\\/12\\\/logo-transparent.png\",\"width\":1193,\"height\":531,\"caption\":\"imima\"},\"image\":{\"@id\":\"https:\\\/\\\/imima.de\\\/en\\\/#\\\/schema\\\/logo\\\/image\\\/\"}}]}<\/script>\n<!-- \/ Yoast SEO plugin. -->","yoast_head_json":{"title":"Private Label - imima","robots":{"index":"index","follow":"follow","max-snippet":"max-snippet:-1","max-image-preview":"max-image-preview:large","max-video-preview":"max-video-preview:-1"},"canonical":"https:\/\/imima.de\/pl\/private-label","og_locale":"pl_PL","og_type":"article","og_title":"Private Label - imima","og_description":"Private Label Gib hier deine \u00dcberschrift ein Lorem ipsum dolor sit amet, consectetur adipiscing elit. Ut elit tellus, luctus nec ullamcorper mattis, pulvinar dapibus leo. Kontakt","og_url":"https:\/\/imima.de\/pl\/private-label","og_site_name":"imima","article_modified_time":"2022-05-04T09:51:50+00:00","og_image":[{"url":"https:\/\/imima-puchheim.de\/wp-content\/uploads\/2022\/01\/6_ohneLogo-1024x684.jpg","type":"","width":"","height":""}],"twitter_card":"summary_large_image","schema":{"@context":"https:\/\/schema.org","@graph":[{"@type":"WebPage","@id":"https:\/\/imima.de\/private-label","url":"https:\/\/imima.de\/private-label","name":"Private Label - imima","isPartOf":{"@id":"https:\/\/imima.de\/en\/#website"},"primaryImageOfPage":{"@id":"https:\/\/imima.de\/private-label#primaryimage"},"image":{"@id":"https:\/\/imima.de\/private-label#primaryimage"},"thumbnailUrl":"https:\/\/imima-puchheim.de\/wp-content\/uploads\/2022\/01\/6_ohneLogo-1024x684.jpg","datePublished":"2022-02-25T13:31:15+00:00","dateModified":"2022-05-04T09:51:50+00:00","breadcrumb":{"@id":"https:\/\/imima.de\/private-label#breadcrumb"},"inLanguage":"pl-PL","potentialAction":[{"@type":"ReadAction","target":["https:\/\/imima.de\/private-label"]}]},{"@type":"ImageObject","inLanguage":"pl-PL","@id":"https:\/\/imima.de\/private-label#primaryimage","url":"https:\/\/imima-puchheim.de\/wp-content\/uploads\/2022\/01\/6_ohneLogo-1024x684.jpg","contentUrl":"https:\/\/imima-puchheim.de\/wp-content\/uploads\/2022\/01\/6_ohneLogo-1024x684.jpg"},{"@type":"BreadcrumbList","@id":"https:\/\/imima.de\/private-label#breadcrumb","itemListElement":[{"@type":"ListItem","position":1,"name":"Startseite","item":"https:\/\/imima.de\/"},{"@type":"ListItem","position":2,"name":"Private Label"}]},{"@type":"WebSite","@id":"https:\/\/imima.de\/en\/#website","url":"https:\/\/imima.de\/en\/","name":"imima","description":"Twoja historia, pi\u0119knie opowiedziana - Stworzony za pomoc\u0105 WordPressa zarz\u0105dzanego przez IONOS","publisher":{"@id":"https:\/\/imima.de\/en\/#organization"},"potentialAction":[{"@type":"SearchAction","target":{"@type":"EntryPoint","urlTemplate":"https:\/\/imima.de\/en\/?s={search_term_string}"},"query-input":{"@type":"PropertyValueSpecification","valueRequired":true,"valueName":"search_term_string"}}],"inLanguage":"pl-PL"},{"@type":"Organization","@id":"https:\/\/imima.de\/en\/#organization","name":"imima","url":"https:\/\/imima.de\/en\/","logo":{"@type":"ImageObject","inLanguage":"pl-PL","@id":"https:\/\/imima.de\/en\/#\/schema\/logo\/image\/","url":"https:\/\/imima.de\/wp-content\/uploads\/2021\/12\/logo-transparent.png","contentUrl":"https:\/\/imima.de\/wp-content\/uploads\/2021\/12\/logo-transparent.png","width":1193,"height":531,"caption":"imima"},"image":{"@id":"https:\/\/imima.de\/en\/#\/schema\/logo\/image\/"}}]}},"_links":{"self":[{"href":"https:\/\/imima.de\/pl\/wp-json\/wp\/v2\/pages\/1141","targetHints":{"allow":["GET"]}}],"collection":[{"href":"https:\/\/imima.de\/pl\/wp-json\/wp\/v2\/pages"}],"about":[{"href":"https:\/\/imima.de\/pl\/wp-json\/wp\/v2\/types\/page"}],"author":[{"embeddable":true,"href":"https:\/\/imima.de\/pl\/wp-json\/wp\/v2\/users\/1"}],"replies":[{"embeddable":true,"href":"https:\/\/imima.de\/pl\/wp-json\/wp\/v2\/comments?post=1141"}],"version-history":[{"count":0,"href":"https:\/\/imima.de\/pl\/wp-json\/wp\/v2\/pages\/1141\/revisions"}],"wp:attachment":[{"href":"https:\/\/imima.de\/pl\/wp-json\/wp\/v2\/media?parent=1141"}],"curies":[{"name":"wp","href":"https:\/\/api.w.org\/{rel}","templated":true}]}}