{"id":1177,"date":"2022-02-25T14:18:26","date_gmt":"2022-02-25T14:18:26","guid":{"rendered":"https:\/\/imima.honeymoon-production.de\/?page_id=1177"},"modified":"2022-11-21T09:24:22","modified_gmt":"2022-11-21T09:24:22","slug":"philosphie","status":"publish","type":"page","link":"https:\/\/imima.de\/pl\/philosphie","title":{"rendered":"FILOZOFIA"},"content":{"rendered":"<div data-elementor-type=\"wp-page\" data-elementor-id=\"1177\" class=\"elementor elementor-1177\" data-elementor-post-type=\"page\">\n\t\t\t\t\t\t<section class=\"elementor-section elementor-top-section elementor-element elementor-element-c87a8f4 elementor-section-boxed elementor-section-height-default elementor-section-height-default\" data-id=\"c87a8f4\" data-element_type=\"section\" data-settings=\"{&quot;background_background&quot;:&quot;classic&quot;}\">\n\t\t\t\t\t\t<div class=\"elementor-container elementor-column-gap-default\">\n\t\t\t\t\t<div class=\"elementor-column elementor-col-100 elementor-top-column elementor-element elementor-element-3db1d7f\" data-id=\"3db1d7f\" data-element_type=\"column\" data-settings=\"{&quot;background_background&quot;:&quot;classic&quot;}\">\n\t\t\t<div class=\"elementor-widget-wrap elementor-element-populated\">\n\t\t\t\t\t\t<div class=\"elementor-element elementor-element-9fb0e4d elementor-invisible elementor-widget elementor-widget-heading\" data-id=\"9fb0e4d\" data-element_type=\"widget\" data-settings=\"{&quot;_animation&quot;:&quot;fadeInUp&quot;}\" data-widget_type=\"heading.default\">\n\t\t\t\t<div class=\"elementor-widget-container\">\n\t\t\t\t\t<h1 class=\"elementor-heading-title elementor-size-default\">FILOZOFIA<\/h1>\t\t\t\t<\/div>\n\t\t\t\t<\/div>\n\t\t\t\t<section class=\"elementor-section elementor-inner-section elementor-element elementor-element-b284d42 elementor-section-boxed elementor-section-height-default elementor-section-height-default\" data-id=\"b284d42\" data-element_type=\"section\">\n\t\t\t\t\t\t<div class=\"elementor-container elementor-column-gap-default\">\n\t\t\t\t\t<div class=\"elementor-column elementor-col-50 elementor-inner-column elementor-element elementor-element-ee8952f\" data-id=\"ee8952f\" data-element_type=\"column\">\n\t\t\t<div class=\"elementor-widget-wrap elementor-element-populated\">\n\t\t\t\t\t\t<div class=\"elementor-element elementor-element-ee2acf7 elementor-invisible elementor-widget elementor-widget-heading\" data-id=\"ee2acf7\" data-element_type=\"widget\" data-settings=\"{&quot;_animation&quot;:&quot;fadeInUp&quot;}\" data-widget_type=\"heading.default\">\n\t\t\t\t<div class=\"elementor-widget-container\">\n\t\t\t\t\t<h2 class=\"elementor-heading-title elementor-size-default\">Karmienie z wolnej woli \u2013 \u201eFree Will Feeding\u201d<\/h2>\t\t\t\t<\/div>\n\t\t\t\t<\/div>\n\t\t\t\t<div class=\"elementor-element elementor-element-e3ead9d elementor-widget elementor-widget-text-editor\" data-id=\"e3ead9d\" data-element_type=\"widget\" data-widget_type=\"text-editor.default\">\n\t\t\t\t<div class=\"elementor-widget-container\">\n\t\t\t\t\t\t\t\t\t<p><span style=\"font-size: 12.0pt; line-height: 107%; mso-fareast-font-family: 'Times New Roman'; mso-bidi-font-family: Calibri; mso-bidi-theme-font: minor-latin; color: #0f1111; mso-fareast-language: DE;\">Zwierz\u0119ta maj\u0105 naturalny instynkt pozwalaj\u0105cy im zaspokoi\u0107 swoje zapotrzebowanie na minera\u0142y. <\/span><span style=\"font-size: 12.0pt; line-height: 107%; mso-bidi-font-family: Calibri; mso-bidi-theme-font: minor-latin;\">Poprzez poszukiwanie r\u00f3\u017cnych \u017ar\u00f3de\u0142 sk\u0142adnik\u00f3w od\u017cywczych zwierz\u0119ta wch\u0142aniaj\u0105 potrzebn\u0105 im ilo\u015b\u0107 minera\u0142\u00f3w i witamin.\u00a0<\/span><\/p><p><span style=\"background-color: var( --e-global-color-secondary ); font-size: 12pt; word-spacing: 0em;\">Lizawki solne z minera\u0142ami i lizawki mineralne na bazie melasy s\u0105 doskona\u0142ym sposobem na zaspokojenie tego naturalnego instynktu. Zwierz\u0119ta mog\u0105 korzysta\u0107 z lizawek wed\u0142ug w\u0142asnej woli (free will) i zgodnie z tym, czego indywidualnie potrzebuj\u0105.\u00a0<\/span><\/p><p>Wielk\u0105 zalet\u0105 karmienia \"z wolnej woli\" jest to, \u017ce wi\u0119kszo\u015b\u0107 objaw\u00f3w niedobor\u00f3w i wynikaj\u0105cych z nich chor\u00f3b nie wyst\u0119puje. Zwierz\u0119ta pozostaj\u0105 witalne i zdrowe oraz s\u0105 bardziej odporne na choroby.\u00a0<\/p><p><span style=\"background-color: var( --e-global-color-secondary ); font-size: 1rem; word-spacing: 0em;\">Dzi\u0119ki zastosowaniu baru lizawek (Lick Block Bar) filozofia \u017cywieniowa oparta na wolnej woli mo\u017ce zosta\u0107 wdro\u017cona w \u017cycie i realizowana zgodnie z za\u0142o\u017ceniem.<\/span><\/p>\t\t\t\t\t\t\t\t<\/div>\n\t\t\t\t<\/div>\n\t\t\t\t\t<\/div>\n\t\t<\/div>\n\t\t\t\t<div class=\"elementor-column elementor-col-50 elementor-inner-column elementor-element elementor-element-73fd9cb\" data-id=\"73fd9cb\" data-element_type=\"column\">\n\t\t\t<div class=\"elementor-widget-wrap elementor-element-populated\">\n\t\t\t\t\t\t<div class=\"elementor-element elementor-element-e101d84 elementor-widget elementor-widget-image\" data-id=\"e101d84\" data-element_type=\"widget\" data-widget_type=\"image.default\">\n\t\t\t\t<div class=\"elementor-widget-container\">\n\t\t\t\t\t\t\t\t\t\t\t\t\t\t\t<img fetchpriority=\"high\" decoding=\"async\" width=\"518\" height=\"345\" src=\"https:\/\/imima.de\/wp-content\/uploads\/2022\/03\/Unterseite_Philosophie_WOP_518_5.jpg\" class=\"attachment-large size-large wp-image-1290\" alt=\"\" srcset=\"https:\/\/imima.de\/wp-content\/uploads\/2022\/03\/Unterseite_Philosophie_WOP_518_5.jpg 518w, https:\/\/imima.de\/wp-content\/uploads\/2022\/03\/Unterseite_Philosophie_WOP_518_5-300x200.jpg 300w, https:\/\/imima.de\/wp-content\/uploads\/2022\/03\/Unterseite_Philosophie_WOP_518_5-18x12.jpg 18w\" sizes=\"(max-width: 518px) 100vw, 518px\" \/>\t\t\t\t\t\t\t\t\t\t\t\t\t\t\t<\/div>\n\t\t\t\t<\/div>\n\t\t\t\t\t<\/div>\n\t\t<\/div>\n\t\t\t\t\t<\/div>\n\t\t<\/section>\n\t\t\t\t\t<\/div>\n\t\t<\/div>\n\t\t\t\t\t<\/div>\n\t\t<\/section>\n\t\t\t\t<section class=\"elementor-section elementor-top-section elementor-element elementor-element-86dd3ff elementor-section-boxed elementor-section-height-default elementor-section-height-default\" data-id=\"86dd3ff\" data-element_type=\"section\" data-settings=\"{&quot;background_background&quot;:&quot;gradient&quot;}\">\n\t\t\t\t\t\t<div class=\"elementor-container elementor-column-gap-default\">\n\t\t\t\t\t<div class=\"elementor-column elementor-col-100 elementor-top-column elementor-element elementor-element-428f38c\" data-id=\"428f38c\" data-element_type=\"column\" data-settings=\"{&quot;background_background&quot;:&quot;classic&quot;}\">\n\t\t\t<div class=\"elementor-widget-wrap elementor-element-populated\">\n\t\t\t\t\t\t<section class=\"elementor-section elementor-inner-section elementor-element elementor-element-652ea8f elementor-reverse-tablet elementor-reverse-mobile elementor-section-boxed elementor-section-height-default elementor-section-height-default\" data-id=\"652ea8f\" data-element_type=\"section\">\n\t\t\t\t\t\t<div class=\"elementor-container elementor-column-gap-default\">\n\t\t\t\t\t<div class=\"elementor-column elementor-col-50 elementor-inner-column elementor-element elementor-element-b9e2bf1\" data-id=\"b9e2bf1\" data-element_type=\"column\">\n\t\t\t<div class=\"elementor-widget-wrap elementor-element-populated\">\n\t\t\t\t\t\t<div class=\"elementor-element elementor-element-5119fd1 elementor-widget elementor-widget-image\" data-id=\"5119fd1\" data-element_type=\"widget\" data-widget_type=\"image.default\">\n\t\t\t\t<div class=\"elementor-widget-container\">\n\t\t\t\t\t\t\t\t\t\t\t\t\t\t\t<img decoding=\"async\" width=\"518\" height=\"345\" src=\"https:\/\/imima.de\/wp-content\/uploads\/2022\/03\/Philosophie_Leckssteinbar_WOP_518_5.jpg\" class=\"attachment-large size-large wp-image-1293\" alt=\"\" srcset=\"https:\/\/imima.de\/wp-content\/uploads\/2022\/03\/Philosophie_Leckssteinbar_WOP_518_5.jpg 518w, https:\/\/imima.de\/wp-content\/uploads\/2022\/03\/Philosophie_Leckssteinbar_WOP_518_5-300x200.jpg 300w, https:\/\/imima.de\/wp-content\/uploads\/2022\/03\/Philosophie_Leckssteinbar_WOP_518_5-18x12.jpg 18w\" sizes=\"(max-width: 518px) 100vw, 518px\" \/>\t\t\t\t\t\t\t\t\t\t\t\t\t\t\t<\/div>\n\t\t\t\t<\/div>\n\t\t\t\t\t<\/div>\n\t\t<\/div>\n\t\t\t\t<div class=\"elementor-column elementor-col-50 elementor-inner-column elementor-element elementor-element-6b0ed50\" data-id=\"6b0ed50\" data-element_type=\"column\">\n\t\t\t<div class=\"elementor-widget-wrap elementor-element-populated\">\n\t\t\t\t\t\t<div class=\"elementor-element elementor-element-a6f14b3 elementor-invisible elementor-widget elementor-widget-heading\" data-id=\"a6f14b3\" data-element_type=\"widget\" data-settings=\"{&quot;_animation&quot;:&quot;fadeInUp&quot;}\" data-widget_type=\"heading.default\">\n\t\t\t\t<div class=\"elementor-widget-container\">\n\t\t\t\t\t<h2 class=\"elementor-heading-title elementor-size-default\">Bar lizawek - \"Lick Block Bar\"<\/h2>\t\t\t\t<\/div>\n\t\t\t\t<\/div>\n\t\t\t\t<div class=\"elementor-element elementor-element-afec76c elementor-widget elementor-widget-text-editor\" data-id=\"afec76c\" data-element_type=\"widget\" data-widget_type=\"text-editor.default\">\n\t\t\t\t<div class=\"elementor-widget-container\">\n\t\t\t\t\t\t\t\t\t<p>Dzi\u0119ki zastosowaniu baru lizawek zwierz\u0119 otrzymuje jednocze\u015bnie r\u00f3\u017cne lizawki do wyboru. W ten spos\u00f3b mo\u017ce ono samo doskonale zbilansowa\u0107 swoje indywidualne zapotrzebowanie na minera\u0142y, mikroelementy i witaminy zgodnie z w\u0142asn\u0105 wol\u0105.&nbsp;<\/p>\n<p>Ka\u017cda z naszych lizawek mineralnych zosta\u0142a opracowana z my\u015bl\u0105 o konkretnej korzy\u015bci lub potrzebie. Ka\u017cda lizawka ma unikaln\u0105 receptur\u0119, uwzgl\u0119dniaj\u0105c\u0105 zawsze potrzeby zwierz\u0119cia.&nbsp;<\/p>\n<p>Poprzez oferowanie zwierz\u0119ciu kilku r\u00f3\u017cnych lizawek na raz, mo\u017ce ono czerpa\u0107 z naturalnego instynktu, szuka\u0107 r\u00f3\u017cnych \u017ar\u00f3de\u0142 sk\u0142adnik\u00f3w od\u017cywczych i wybiera\u0107 te, kt\u00f3re s\u0105 mu w danym momencie potrzebne.<\/p>\n<p><\/p>\t\t\t\t\t\t\t\t<\/div>\n\t\t\t\t<\/div>\n\t\t\t\t\t<\/div>\n\t\t<\/div>\n\t\t\t\t\t<\/div>\n\t\t<\/section>\n\t\t\t\t\t<\/div>\n\t\t<\/div>\n\t\t\t\t\t<\/div>\n\t\t<\/section>\n\t\t\t\t<section class=\"elementor-section elementor-top-section elementor-element elementor-element-ec57a9c elementor-section-boxed elementor-section-height-default elementor-section-height-default\" data-id=\"ec57a9c\" data-element_type=\"section\" id=\"film\" data-settings=\"{&quot;background_background&quot;:&quot;gradient&quot;}\">\n\t\t\t\t\t\t<div class=\"elementor-container elementor-column-gap-default\">\n\t\t\t\t\t<div class=\"elementor-column elementor-col-100 elementor-top-column elementor-element elementor-element-ffc9a9b\" data-id=\"ffc9a9b\" data-element_type=\"column\" data-settings=\"{&quot;background_background&quot;:&quot;classic&quot;}\">\n\t\t\t<div class=\"elementor-widget-wrap elementor-element-populated\">\n\t\t\t\t\t\t<section class=\"elementor-section elementor-inner-section elementor-element elementor-element-5c59509 elementor-section-boxed elementor-section-height-default elementor-section-height-default\" data-id=\"5c59509\" data-element_type=\"section\">\n\t\t\t\t\t\t<div class=\"elementor-container elementor-column-gap-default\">\n\t\t\t\t\t<div class=\"elementor-column elementor-col-50 elementor-inner-column elementor-element elementor-element-5a30a45\" data-id=\"5a30a45\" data-element_type=\"column\">\n\t\t\t<div class=\"elementor-widget-wrap elementor-element-populated\">\n\t\t\t\t\t\t<div class=\"elementor-element elementor-element-bb0bea4 elementor-invisible elementor-widget elementor-widget-heading\" data-id=\"bb0bea4\" data-element_type=\"widget\" data-settings=\"{&quot;_animation&quot;:&quot;fadeInUp&quot;}\" data-widget_type=\"heading.default\">\n\t\t\t\t<div class=\"elementor-widget-container\">\n\t\t\t\t\t<h2 class=\"elementor-heading-title elementor-size-default\">Film \"karmienie z wolnej woli\" za pomoc\u0105 naszych lizawek<\/h2>\t\t\t\t<\/div>\n\t\t\t\t<\/div>\n\t\t\t\t<div class=\"elementor-element elementor-element-721118e elementor-widget elementor-widget-text-editor\" data-id=\"721118e\" data-element_type=\"widget\" data-widget_type=\"text-editor.default\">\n\t\t\t\t<div class=\"elementor-widget-container\">\n\t\t\t\t\t\t\t\t\t<p>Zapraszamy do zapoznania si\u0119 z korzy\u015bciami p\u0142yn\u0105cymi z \"karmienia z wolnej woli\" na podstawie zastosowania baru lizawek.<\/p>\t\t\t\t\t\t\t\t<\/div>\n\t\t\t\t<\/div>\n\t\t\t\t\t<\/div>\n\t\t<\/div>\n\t\t\t\t<div class=\"elementor-column elementor-col-50 elementor-inner-column elementor-element elementor-element-b06f462\" data-id=\"b06f462\" data-element_type=\"column\" id=\"PlayVideo\">\n\t\t\t<div class=\"elementor-widget-wrap elementor-element-populated\">\n\t\t\t\t\t\t<div class=\"elementor-element elementor-element-9ef3314 elementor-widget elementor-widget-html\" data-id=\"9ef3314\" data-element_type=\"widget\" data-widget_type=\"html.default\">\n\t\t\t\t<div class=\"elementor-widget-container\">\n\t\t\t\t\t<div class=\"HD-Format\">\n    <iframe id=\"video\" class=\"My-video-iframe\" allowfullscreen=\"\" title=\"Odtwarzacz wideo youtube\" src=\"\">\n    <\/iframe>\n<\/div>\t\t\t\t<\/div>\n\t\t\t\t<\/div>\n\t\t\t\t<div class=\"elementor-element elementor-element-3bd0d04 elementor-widget elementor-widget-text-editor\" data-id=\"3bd0d04\" data-element_type=\"widget\" id=\"YoutubeHinweis\" data-widget_type=\"text-editor.default\">\n\t\t\t\t<div class=\"elementor-widget-container\">\n\t\t\t\t\t\t\t\t\tPo klikni\u0119ciu przycisku <a id=\"YoutubeOK\" href=\"#\"> OK<\/a> u\u017cytkownik wyra\u017ca zgod\u0119 na wy\u015bwietlanie mu tre\u015bci pochodz\u0105cych z serwisu YouTube. Wi\u0119cej informacji mo\u017cna znale\u017a\u0107 w naszym <a href=\"\/pl\/kontakt\/datenschutz\">Informacje o ochronie danych<\/a>\t\t\t\t\t\t\t\t<\/div>\n\t\t\t\t<\/div>\n\t\t\t\t<div class=\"elementor-element elementor-element-f066e05 elementor-absolute elementor-view-default elementor-widget elementor-widget-icon\" data-id=\"f066e05\" data-element_type=\"widget\" id=\"Play\" data-settings=\"{&quot;_position&quot;:&quot;absolute&quot;}\" title=\"Odtwarzanie obrazu filmowego\" data-widget_type=\"icon.default\">\n\t\t\t\t<div class=\"elementor-widget-container\">\n\t\t\t\t\t\t\t<div class=\"elementor-icon-wrapper\">\n\t\t\t<div class=\"elementor-icon\">\n\t\t\t<i aria-hidden=\"true\" class=\"far fa-play-circle\"><\/i>\t\t\t<\/div>\n\t\t<\/div>\n\t\t\t\t\t\t<\/div>\n\t\t\t\t<\/div>\n\t\t\t\t<div class=\"elementor-element elementor-element-273eb0f elementor-widget elementor-widget-html\" data-id=\"273eb0f\" data-element_type=\"widget\" data-no-translation=\"\" data-widget_type=\"html.default\">\n\t\t\t\t<div class=\"elementor-widget-container\">\n\t\t\t\t\t<style>.elementor-element-273eb0f{display:none !important}<\/style>\t\t\t\t<\/div>\n\t\t\t\t<\/div>\n\t\t\t\t<div class=\"elementor-element elementor-element-8e5110c elementor-widget elementor-widget-html\" data-id=\"8e5110c\" data-element_type=\"widget\" data-no-translation=\"\" data-widget_type=\"html.default\">\n\t\t\t\t<div class=\"elementor-widget-container\">\n\t\t\t\t\t<style>.elementor-element-8e5110c{display:none !important}<\/style>\t\t\t\t<\/div>\n\t\t\t\t<\/div>\n\t\t\t\t<div class=\"elementor-element elementor-element-19762ce elementor-widget elementor-widget-html\" data-id=\"19762ce\" data-element_type=\"widget\" data-no-translation=\"\" data-widget_type=\"html.default\">\n\t\t\t\t<div class=\"elementor-widget-container\">\n\t\t\t\t\t<style>.elementor-element-19762ce{display:none !important}<\/style>\t\t\t\t<\/div>\n\t\t\t\t<\/div>\n\t\t\t\t<div class=\"elementor-element elementor-element-326c5df elementor-widget elementor-widget-html\" data-id=\"326c5df\" data-element_type=\"widget\" data-no-translation=\"\" data-widget_type=\"html.default\">\n\t\t\t\t<div class=\"elementor-widget-container\">\n\t\t\t\t\t<script>\n    \/* Polnish Video: *\/\n    YouTubeIdVariable = \"w4ENXJwYQ0k\";\n<\/script>\t\t\t\t<\/div>\n\t\t\t\t<\/div>\n\t\t\t\t<div class=\"elementor-element elementor-element-a034d72 elementor-widget elementor-widget-html\" data-id=\"a034d72\" data-element_type=\"widget\" data-no-translation=\"\" data-widget_type=\"html.default\">\n\t\t\t\t<div class=\"elementor-widget-container\">\n\t\t\t\t\t<style>.elementor-element-a034d72{display:none !important}<\/style>\t\t\t\t<\/div>\n\t\t\t\t<\/div>\n\t\t\t\t<div class=\"elementor-element elementor-element-e528744 elementor-widget elementor-widget-html\" data-id=\"e528744\" data-element_type=\"widget\" data-widget_type=\"html.default\">\n\t\t\t\t<div class=\"elementor-widget-container\">\n\t\t\t\t\t<script>\n    Play = document.getElementById(\"Play\");\n    YoutubeHinweis = document.getElementById(\"YoutubeHinweis\");\n    Video = document.getElementById(\"video\");\n    YoutubeOK = document.getElementById(\"YoutubeOK\");\n    Play.addEventListener(\"click\", (ev) => {\n        ev.preventDefault();\n        Play.style.display=\"none\";\n        YoutubeHinweis.classList.add(\"show\");\n        YoutubeOK.addEventListener(\"click\", (ev2) => {\n            ev2.preventDefault();\n            YoutubeHinweis.classList.remove(\"show\");\n            Video.src=\"https:\/\/www.youtube-nocookie.com\/embed\/\"+YouTubeIdVariable+\"?feature=oembed&amp;start&amp;end&amp;wmode=opaque&amp;loop=0&amp;controls=1&amp;mute=0&amp;rel=0&amp;modestbranding=1\";\n            Video.classList.add(\"show\");\n            \n        });\n        \n    });\n    \n<\/script>\t\t\t\t<\/div>\n\t\t\t\t<\/div>\n\t\t\t\t\t<\/div>\n\t\t<\/div>\n\t\t\t\t\t<\/div>\n\t\t<\/section>\n\t\t\t\t\t<\/div>\n\t\t<\/div>\n\t\t\t\t\t<\/div>\n\t\t<\/section>\n\t\t\t\t<\/div>","protected":false},"excerpt":{"rendered":"<p>Philosphie F\u00fcttern nach freiem Willen Tiere haben einen nat\u00fcrlichen Instinkt ihren Mineralstoffbedarf zu decken, indem sie unterschiedliche N\u00e4hrstoffquellen aufsuchen, um die Menge an Mineralien und Vitaminen aufzunehmen, die ihr K\u00f6rper ben\u00f6tigt.\u00a0 Lecksteine und Leckschalen kommen diesem nat\u00fcrlichen Instinkt sehr entgegen. Die Tiere k\u00f6nnen sich selbst nach ihrem Willen (free will) an den Lecksteinen bedienen und [&hellip;]<\/p>","protected":false},"author":1,"featured_media":0,"parent":0,"menu_order":0,"comment_status":"closed","ping_status":"closed","template":"elementor_header_footer","meta":{"_acf_changed":false,"footnotes":""},"class_list":["post-1177","page","type-page","status-publish","hentry"],"acf":[],"yoast_head":"<!-- This site is optimized with the Yoast SEO plugin v27.4 - https:\/\/yoast.com\/product\/yoast-seo-wordpress\/ -->\n<title>Philosphie - imima<\/title>\n<meta name=\"robots\" content=\"index, follow, max-snippet:-1, max-image-preview:large, max-video-preview:-1\" \/>\n<link rel=\"canonical\" href=\"https:\/\/imima.de\/pl\/philosphie\" \/>\n<meta property=\"og:locale\" content=\"pl_PL\" \/>\n<meta property=\"og:type\" content=\"article\" \/>\n<meta property=\"og:title\" content=\"Philosphie - imima\" \/>\n<meta property=\"og:description\" content=\"Philosphie F\u00fcttern nach freiem Willen Tiere haben einen nat\u00fcrlichen Instinkt ihren Mineralstoffbedarf zu decken, indem sie unterschiedliche N\u00e4hrstoffquellen aufsuchen, um die Menge an Mineralien und Vitaminen aufzunehmen, die ihr K\u00f6rper ben\u00f6tigt.\u00a0 Lecksteine und Leckschalen kommen diesem nat\u00fcrlichen Instinkt sehr entgegen. Die Tiere k\u00f6nnen sich selbst nach ihrem Willen (free will) an den Lecksteinen bedienen und [&hellip;]\" \/>\n<meta property=\"og:url\" content=\"https:\/\/imima.de\/pl\/philosphie\" \/>\n<meta property=\"og:site_name\" content=\"imima\" \/>\n<meta property=\"article:modified_time\" content=\"2022-11-21T09:24:22+00:00\" \/>\n<meta property=\"og:image\" content=\"https:\/\/imima.de\/wp-content\/uploads\/2022\/03\/Unterseite_Philosophie_WOP_518_5.jpg\" \/>\n<meta name=\"twitter:card\" content=\"summary_large_image\" \/>\n<meta name=\"twitter:label1\" content=\"Szacowany czas czytania\" \/>\n\t<meta name=\"twitter:data1\" content=\"2 minuty\" \/>\n<script type=\"application\/ld+json\" class=\"yoast-schema-graph\">{\"@context\":\"https:\\\/\\\/schema.org\",\"@graph\":[{\"@type\":\"WebPage\",\"@id\":\"https:\\\/\\\/imima.de\\\/philosphie\",\"url\":\"https:\\\/\\\/imima.de\\\/philosphie\",\"name\":\"Philosphie - imima\",\"isPartOf\":{\"@id\":\"https:\\\/\\\/imima.de\\\/en\\\/#website\"},\"primaryImageOfPage\":{\"@id\":\"https:\\\/\\\/imima.de\\\/philosphie#primaryimage\"},\"image\":{\"@id\":\"https:\\\/\\\/imima.de\\\/philosphie#primaryimage\"},\"thumbnailUrl\":\"https:\\\/\\\/imima.de\\\/wp-content\\\/uploads\\\/2022\\\/03\\\/Unterseite_Philosophie_WOP_518_5.jpg\",\"datePublished\":\"2022-02-25T14:18:26+00:00\",\"dateModified\":\"2022-11-21T09:24:22+00:00\",\"breadcrumb\":{\"@id\":\"https:\\\/\\\/imima.de\\\/philosphie#breadcrumb\"},\"inLanguage\":\"pl-PL\",\"potentialAction\":[{\"@type\":\"ReadAction\",\"target\":[\"https:\\\/\\\/imima.de\\\/philosphie\"]}]},{\"@type\":\"ImageObject\",\"inLanguage\":\"pl-PL\",\"@id\":\"https:\\\/\\\/imima.de\\\/philosphie#primaryimage\",\"url\":\"https:\\\/\\\/imima.de\\\/wp-content\\\/uploads\\\/2022\\\/03\\\/Unterseite_Philosophie_WOP_518_5.jpg\",\"contentUrl\":\"https:\\\/\\\/imima.de\\\/wp-content\\\/uploads\\\/2022\\\/03\\\/Unterseite_Philosophie_WOP_518_5.jpg\"},{\"@type\":\"BreadcrumbList\",\"@id\":\"https:\\\/\\\/imima.de\\\/philosphie#breadcrumb\",\"itemListElement\":[{\"@type\":\"ListItem\",\"position\":1,\"name\":\"Startseite\",\"item\":\"https:\\\/\\\/imima.de\\\/\"},{\"@type\":\"ListItem\",\"position\":2,\"name\":\"Philosphie\"}]},{\"@type\":\"WebSite\",\"@id\":\"https:\\\/\\\/imima.de\\\/en\\\/#website\",\"url\":\"https:\\\/\\\/imima.de\\\/en\\\/\",\"name\":\"imima\",\"description\":\"Your story, beautifully told - Created with WordPress managed by IONOS\",\"publisher\":{\"@id\":\"https:\\\/\\\/imima.de\\\/en\\\/#organization\"},\"potentialAction\":[{\"@type\":\"SearchAction\",\"target\":{\"@type\":\"EntryPoint\",\"urlTemplate\":\"https:\\\/\\\/imima.de\\\/en\\\/?s={search_term_string}\"},\"query-input\":{\"@type\":\"PropertyValueSpecification\",\"valueRequired\":true,\"valueName\":\"search_term_string\"}}],\"inLanguage\":\"pl-PL\"},{\"@type\":\"Organization\",\"@id\":\"https:\\\/\\\/imima.de\\\/en\\\/#organization\",\"name\":\"imima\",\"url\":\"https:\\\/\\\/imima.de\\\/en\\\/\",\"logo\":{\"@type\":\"ImageObject\",\"inLanguage\":\"pl-PL\",\"@id\":\"https:\\\/\\\/imima.de\\\/en\\\/#\\\/schema\\\/logo\\\/image\\\/\",\"url\":\"https:\\\/\\\/imima.de\\\/wp-content\\\/uploads\\\/2021\\\/12\\\/logo-transparent.png\",\"contentUrl\":\"https:\\\/\\\/imima.de\\\/wp-content\\\/uploads\\\/2021\\\/12\\\/logo-transparent.png\",\"width\":1193,\"height\":531,\"caption\":\"imima\"},\"image\":{\"@id\":\"https:\\\/\\\/imima.de\\\/en\\\/#\\\/schema\\\/logo\\\/image\\\/\"}}]}<\/script>\n<!-- \/ Yoast SEO plugin. -->","yoast_head_json":{"title":"Filozofia - imima","robots":{"index":"index","follow":"follow","max-snippet":"max-snippet:-1","max-image-preview":"max-image-preview:large","max-video-preview":"max-video-preview:-1"},"canonical":"https:\/\/imima.de\/pl\/philosphie","og_locale":"pl_PL","og_type":"article","og_title":"Philosphie - imima","og_description":"Philosphie F\u00fcttern nach freiem Willen Tiere haben einen nat\u00fcrlichen Instinkt ihren Mineralstoffbedarf zu decken, indem sie unterschiedliche N\u00e4hrstoffquellen aufsuchen, um die Menge an Mineralien und Vitaminen aufzunehmen, die ihr K\u00f6rper ben\u00f6tigt.\u00a0 Lecksteine und Leckschalen kommen diesem nat\u00fcrlichen Instinkt sehr entgegen. Die Tiere k\u00f6nnen sich selbst nach ihrem Willen (free will) an den Lecksteinen bedienen und [&hellip;]","og_url":"https:\/\/imima.de\/pl\/philosphie","og_site_name":"imima","article_modified_time":"2022-11-21T09:24:22+00:00","og_image":[{"url":"https:\/\/imima.de\/wp-content\/uploads\/2022\/03\/Unterseite_Philosophie_WOP_518_5.jpg","type":"","width":"","height":""}],"twitter_card":"summary_large_image","twitter_misc":{"Szacowany czas czytania":"2 minuty"},"schema":{"@context":"https:\/\/schema.org","@graph":[{"@type":"WebPage","@id":"https:\/\/imima.de\/philosphie","url":"https:\/\/imima.de\/philosphie","name":"Filozofia - imima","isPartOf":{"@id":"https:\/\/imima.de\/en\/#website"},"primaryImageOfPage":{"@id":"https:\/\/imima.de\/philosphie#primaryimage"},"image":{"@id":"https:\/\/imima.de\/philosphie#primaryimage"},"thumbnailUrl":"https:\/\/imima.de\/wp-content\/uploads\/2022\/03\/Unterseite_Philosophie_WOP_518_5.jpg","datePublished":"2022-02-25T14:18:26+00:00","dateModified":"2022-11-21T09:24:22+00:00","breadcrumb":{"@id":"https:\/\/imima.de\/philosphie#breadcrumb"},"inLanguage":"pl-PL","potentialAction":[{"@type":"ReadAction","target":["https:\/\/imima.de\/philosphie"]}]},{"@type":"ImageObject","inLanguage":"pl-PL","@id":"https:\/\/imima.de\/philosphie#primaryimage","url":"https:\/\/imima.de\/wp-content\/uploads\/2022\/03\/Unterseite_Philosophie_WOP_518_5.jpg","contentUrl":"https:\/\/imima.de\/wp-content\/uploads\/2022\/03\/Unterseite_Philosophie_WOP_518_5.jpg"},{"@type":"BreadcrumbList","@id":"https:\/\/imima.de\/philosphie#breadcrumb","itemListElement":[{"@type":"ListItem","position":1,"name":"Startseite","item":"https:\/\/imima.de\/"},{"@type":"ListItem","position":2,"name":"Philosphie"}]},{"@type":"WebSite","@id":"https:\/\/imima.de\/en\/#website","url":"https:\/\/imima.de\/en\/","name":"imima","description":"Twoja historia, pi\u0119knie opowiedziana - Stworzony za pomoc\u0105 WordPressa zarz\u0105dzanego przez IONOS","publisher":{"@id":"https:\/\/imima.de\/en\/#organization"},"potentialAction":[{"@type":"SearchAction","target":{"@type":"EntryPoint","urlTemplate":"https:\/\/imima.de\/en\/?s={search_term_string}"},"query-input":{"@type":"PropertyValueSpecification","valueRequired":true,"valueName":"search_term_string"}}],"inLanguage":"pl-PL"},{"@type":"Organization","@id":"https:\/\/imima.de\/en\/#organization","name":"imima","url":"https:\/\/imima.de\/en\/","logo":{"@type":"ImageObject","inLanguage":"pl-PL","@id":"https:\/\/imima.de\/en\/#\/schema\/logo\/image\/","url":"https:\/\/imima.de\/wp-content\/uploads\/2021\/12\/logo-transparent.png","contentUrl":"https:\/\/imima.de\/wp-content\/uploads\/2021\/12\/logo-transparent.png","width":1193,"height":531,"caption":"imima"},"image":{"@id":"https:\/\/imima.de\/en\/#\/schema\/logo\/image\/"}}]}},"_links":{"self":[{"href":"https:\/\/imima.de\/pl\/wp-json\/wp\/v2\/pages\/1177","targetHints":{"allow":["GET"]}}],"collection":[{"href":"https:\/\/imima.de\/pl\/wp-json\/wp\/v2\/pages"}],"about":[{"href":"https:\/\/imima.de\/pl\/wp-json\/wp\/v2\/types\/page"}],"author":[{"embeddable":true,"href":"https:\/\/imima.de\/pl\/wp-json\/wp\/v2\/users\/1"}],"replies":[{"embeddable":true,"href":"https:\/\/imima.de\/pl\/wp-json\/wp\/v2\/comments?post=1177"}],"version-history":[{"count":0,"href":"https:\/\/imima.de\/pl\/wp-json\/wp\/v2\/pages\/1177\/revisions"}],"wp:attachment":[{"href":"https:\/\/imima.de\/pl\/wp-json\/wp\/v2\/media?parent=1177"}],"curies":[{"name":"wp","href":"https:\/\/api.w.org\/{rel}","templated":true}]}}