{"id":3259,"date":"2025-11-07T14:01:49","date_gmt":"2025-11-07T14:01:49","guid":{"rendered":"https:\/\/imima.de\/?page_id=3259"},"modified":"2025-11-13T15:12:21","modified_gmt":"2025-11-13T15:12:21","slug":"shop","status":"publish","type":"page","link":"https:\/\/imima.de\/pl\/shop","title":{"rendered":"Shop"},"content":{"rendered":"<div data-elementor-type=\"wp-page\" data-elementor-id=\"3259\" class=\"elementor elementor-3259\" data-elementor-post-type=\"page\">\n\t\t\t\t\t\t<section class=\"elementor-section elementor-top-section elementor-element elementor-element-622f48c elementor-section-boxed elementor-section-height-default elementor-section-height-default\" data-id=\"622f48c\" data-element_type=\"section\" data-settings=\"{&quot;background_background&quot;:&quot;classic&quot;}\">\n\t\t\t\t\t\t<div class=\"elementor-container elementor-column-gap-default\">\n\t\t\t\t\t<div class=\"elementor-column elementor-col-100 elementor-top-column elementor-element elementor-element-7b6fbf0\" data-id=\"7b6fbf0\" data-element_type=\"column\" data-settings=\"{&quot;background_background&quot;:&quot;classic&quot;}\">\n\t\t\t<div class=\"elementor-widget-wrap elementor-element-populated\">\n\t\t\t\t\t\t<div class=\"elementor-element elementor-element-46cf58b elementor-widget elementor-widget-text-editor\" data-id=\"46cf58b\" data-element_type=\"widget\" data-widget_type=\"text-editor.default\">\n\t\t\t\t<div class=\"elementor-widget-container\">\n\t\t\t\t\t\t\t\t\t<p>Online<\/p>\t\t\t\t\t\t\t\t<\/div>\n\t\t\t\t<\/div>\n\t\t\t\t<div class=\"elementor-element elementor-element-b0709b1 elementor-invisible elementor-widget elementor-widget-heading\" data-id=\"b0709b1\" data-element_type=\"widget\" data-settings=\"{&quot;_animation&quot;:&quot;fadeInUp&quot;}\" data-widget_type=\"heading.default\">\n\t\t\t\t<div class=\"elementor-widget-container\">\n\t\t\t\t\t<h1 class=\"elementor-heading-title elementor-size-default\">Shop<\/h1>\t\t\t\t<\/div>\n\t\t\t\t<\/div>\n\t\t\t\t<section class=\"elementor-section elementor-inner-section elementor-element elementor-element-11449fc elementor-reverse-tablet elementor-reverse-mobile elementor-section-boxed elementor-section-height-default elementor-section-height-default\" data-id=\"11449fc\" data-element_type=\"section\">\n\t\t\t\t\t\t<div class=\"elementor-container elementor-column-gap-default\">\n\t\t\t\t\t<div class=\"elementor-column elementor-col-50 elementor-inner-column elementor-element elementor-element-86bc104\" data-id=\"86bc104\" data-element_type=\"column\">\n\t\t\t<div class=\"elementor-widget-wrap elementor-element-populated\">\n\t\t\t\t\t\t<div class=\"elementor-element elementor-element-963bf20 elementor-widget elementor-widget-image\" data-id=\"963bf20\" data-element_type=\"widget\" data-widget_type=\"image.default\">\n\t\t\t\t<div class=\"elementor-widget-container\">\n\t\t\t\t\t\t\t\t\t\t\t\t\t\t\t<img fetchpriority=\"high\" decoding=\"async\" width=\"500\" height=\"500\" src=\"https:\/\/imima.de\/wp-content\/uploads\/2022\/07\/3kg-lickblocks-WOP-500-4.jpg\" class=\"attachment-large size-large wp-image-2522\" alt=\"\" srcset=\"https:\/\/imima.de\/wp-content\/uploads\/2022\/07\/3kg-lickblocks-WOP-500-4.jpg 500w, https:\/\/imima.de\/wp-content\/uploads\/2022\/07\/3kg-lickblocks-WOP-500-4-300x300.jpg 300w, https:\/\/imima.de\/wp-content\/uploads\/2022\/07\/3kg-lickblocks-WOP-500-4-150x150.jpg 150w, https:\/\/imima.de\/wp-content\/uploads\/2022\/07\/3kg-lickblocks-WOP-500-4-12x12.jpg 12w\" sizes=\"(max-width: 500px) 100vw, 500px\" \/>\t\t\t\t\t\t\t\t\t\t\t\t\t\t\t<\/div>\n\t\t\t\t<\/div>\n\t\t\t\t\t<\/div>\n\t\t<\/div>\n\t\t\t\t<div class=\"elementor-column elementor-col-50 elementor-inner-column elementor-element elementor-element-55a0ec8\" data-id=\"55a0ec8\" data-element_type=\"column\">\n\t\t\t<div class=\"elementor-widget-wrap elementor-element-populated\">\n\t\t\t\t\t\t<div class=\"elementor-element elementor-element-ff49467 elementor-widget elementor-widget-heading\" data-id=\"ff49467\" data-element_type=\"widget\" data-widget_type=\"heading.default\">\n\t\t\t\t<div class=\"elementor-widget-container\">\n\t\t\t\t\t<h2 class=\"elementor-heading-title elementor-size-default\">Unser Online-Shop<\/h2>\t\t\t\t<\/div>\n\t\t\t\t<\/div>\n\t\t\t\t<div class=\"elementor-element elementor-element-cde246c elementor-widget elementor-widget-text-editor\" data-id=\"cde246c\" data-element_type=\"widget\" data-widget_type=\"text-editor.default\">\n\t\t\t\t<div class=\"elementor-widget-container\">\n\t\t\t\t\t\t\t\t\t<p>Als Endkunde k\u00f6nnen Sie in unserem Online-Sho einkaufen<\/p>\t\t\t\t\t\t\t\t<\/div>\n\t\t\t\t<\/div>\n\t\t\t\t<div class=\"elementor-element elementor-element-b133650 elementor-align-center elementor-widget__width-auto elementor-widget elementor-widget-button\" data-id=\"b133650\" data-element_type=\"widget\" data-widget_type=\"button.default\">\n\t\t\t\t<div class=\"elementor-widget-container\">\n\t\t\t\t\t\t\t\t\t<div class=\"elementor-button-wrapper\">\n\t\t\t\t\t<a class=\"elementor-button elementor-button-link elementor-size-xs\" href=\"https:\/\/www.animalixs.shop\/\" target=\"_blank\">\n\t\t\t\t\t\t<span class=\"elementor-button-content-wrapper\">\n\t\t\t\t\t\t\t\t\t<span class=\"elementor-button-text\">zum Shop<\/span>\n\t\t\t\t\t<\/span>\n\t\t\t\t\t<\/a>\n\t\t\t\t<\/div>\n\t\t\t\t\t\t\t\t<\/div>\n\t\t\t\t<\/div>\n\t\t\t\t\t<\/div>\n\t\t<\/div>\n\t\t\t\t\t<\/div>\n\t\t<\/section>\n\t\t\t\t\t<\/div>\n\t\t<\/div>\n\t\t\t\t\t<\/div>\n\t\t<\/section>\n\t\t\t\t<section class=\"elementor-section elementor-top-section elementor-element elementor-element-d998f56 elementor-section-boxed elementor-section-height-default elementor-section-height-default\" data-id=\"d998f56\" data-element_type=\"section\" data-settings=\"{&quot;background_background&quot;:&quot;classic&quot;}\">\n\t\t\t\t\t\t<div class=\"elementor-container elementor-column-gap-default\">\n\t\t\t\t\t<div class=\"elementor-column elementor-col-100 elementor-top-column elementor-element elementor-element-efe8cad\" data-id=\"efe8cad\" data-element_type=\"column\" data-settings=\"{&quot;background_background&quot;:&quot;classic&quot;}\">\n\t\t\t<div class=\"elementor-widget-wrap elementor-element-populated\">\n\t\t\t\t\t\t<div class=\"elementor-element elementor-element-563df2c elementor-invisible elementor-widget elementor-widget-heading\" data-id=\"563df2c\" data-element_type=\"widget\" data-settings=\"{&quot;_animation&quot;:&quot;fadeInUp&quot;}\" data-widget_type=\"heading.default\">\n\t\t\t\t<div class=\"elementor-widget-container\">\n\t\t\t\t\t<h1 class=\"elementor-heading-title elementor-size-default\">Shop<\/h1>\t\t\t\t<\/div>\n\t\t\t\t<\/div>\n\t\t\t\t<section class=\"elementor-section elementor-inner-section elementor-element elementor-element-637a8fb elementor-section-boxed elementor-section-height-default elementor-section-height-default\" data-id=\"637a8fb\" data-element_type=\"section\">\n\t\t\t\t\t\t<div class=\"elementor-container elementor-column-gap-default\">\n\t\t\t\t\t<div class=\"elementor-column elementor-col-50 elementor-inner-column elementor-element elementor-element-68d378b\" data-id=\"68d378b\" data-element_type=\"column\">\n\t\t\t<div class=\"elementor-widget-wrap elementor-element-populated\">\n\t\t\t\t\t\t<div class=\"elementor-element elementor-element-e42e19d elementor-invisible elementor-widget elementor-widget-heading\" data-id=\"e42e19d\" data-element_type=\"widget\" data-settings=\"{&quot;_animation&quot;:&quot;fadeInUp&quot;}\" data-widget_type=\"heading.default\">\n\t\t\t\t<div class=\"elementor-widget-container\">\n\t\t\t\t\t<h2 class=\"elementor-heading-title elementor-size-default\">Deutschland \/ Germany, \u00d6sterreich \/ Austria:<\/h2>\t\t\t\t<\/div>\n\t\t\t\t<\/div>\n\t\t\t\t<div class=\"elementor-element elementor-element-c237989 elementor-widget elementor-widget-text-editor\" data-id=\"c237989\" data-element_type=\"widget\" data-widget_type=\"text-editor.default\">\n\t\t\t\t<div class=\"elementor-widget-container\">\n\t\t\t\t\t\t\t\t\t<p>Deutschland \/ Germany, \u00d6sterreich \/ Austria:<\/p>\t\t\t\t\t\t\t\t<\/div>\n\t\t\t\t<\/div>\n\t\t\t\t<div class=\"elementor-element elementor-element-4017ab1 elementor-align-center elementor-widget__width-auto elementor-widget elementor-widget-button\" data-id=\"4017ab1\" data-element_type=\"widget\" data-widget_type=\"button.default\">\n\t\t\t\t<div class=\"elementor-widget-container\">\n\t\t\t\t\t\t\t\t\t<div class=\"elementor-button-wrapper\">\n\t\t\t\t\t<a class=\"elementor-button elementor-button-link elementor-size-xs\" href=\"https:\/\/www.animalixs.shop\/\" target=\"_blank\">\n\t\t\t\t\t\t<span class=\"elementor-button-content-wrapper\">\n\t\t\t\t\t\t\t\t\t<span class=\"elementor-button-text\">Shop<\/span>\n\t\t\t\t\t<\/span>\n\t\t\t\t\t<\/a>\n\t\t\t\t<\/div>\n\t\t\t\t\t\t\t\t<\/div>\n\t\t\t\t<\/div>\n\t\t\t\t\t<\/div>\n\t\t<\/div>\n\t\t\t\t<div class=\"elementor-column elementor-col-50 elementor-inner-column elementor-element elementor-element-1bae6a7\" data-id=\"1bae6a7\" data-element_type=\"column\">\n\t\t\t<div class=\"elementor-widget-wrap elementor-element-populated\">\n\t\t\t\t\t\t<div class=\"elementor-element elementor-element-2e4d9fe elementor-widget elementor-widget-image\" data-id=\"2e4d9fe\" data-element_type=\"widget\" data-widget_type=\"image.default\">\n\t\t\t\t<div class=\"elementor-widget-container\">\n\t\t\t\t\t\t\t\t\t\t\t\t\t\t\t\t<a href=\"https:\/\/www.animalixs.shop\/\" target=\"_blank\">\n\t\t\t\t\t\t\t<img decoding=\"async\" width=\"472\" height=\"133\" src=\"https:\/\/imima.de\/wp-content\/uploads\/2025\/11\/lecksteine_shop.png\" class=\"attachment-large size-large wp-image-3270\" alt=\"\" srcset=\"https:\/\/imima.de\/wp-content\/uploads\/2025\/11\/lecksteine_shop.png 472w, https:\/\/imima.de\/wp-content\/uploads\/2025\/11\/lecksteine_shop-300x85.png 300w, https:\/\/imima.de\/wp-content\/uploads\/2025\/11\/lecksteine_shop-18x5.png 18w\" sizes=\"(max-width: 472px) 100vw, 472px\" \/>\t\t\t\t\t\t\t\t<\/a>\n\t\t\t\t\t\t\t\t\t\t\t\t\t\t\t<\/div>\n\t\t\t\t<\/div>\n\t\t\t\t\t<\/div>\n\t\t<\/div>\n\t\t\t\t\t<\/div>\n\t\t<\/section>\n\t\t\t\t\t<\/div>\n\t\t<\/div>\n\t\t\t\t\t<\/div>\n\t\t<\/section>\n\t\t\t\t<section class=\"elementor-section elementor-top-section elementor-element elementor-element-4b530c5 elementor-section-boxed elementor-section-height-default elementor-section-height-default\" data-id=\"4b530c5\" data-element_type=\"section\" data-settings=\"{&quot;background_background&quot;:&quot;gradient&quot;}\">\n\t\t\t\t\t\t<div class=\"elementor-container elementor-column-gap-default\">\n\t\t\t\t\t<div class=\"elementor-column elementor-col-100 elementor-top-column elementor-element elementor-element-1eb4b23\" data-id=\"1eb4b23\" data-element_type=\"column\" data-settings=\"{&quot;background_background&quot;:&quot;classic&quot;}\">\n\t\t\t<div class=\"elementor-widget-wrap elementor-element-populated\">\n\t\t\t\t\t\t<section class=\"elementor-section elementor-inner-section elementor-element elementor-element-208438e elementor-reverse-tablet elementor-reverse-mobile elementor-section-boxed elementor-section-height-default elementor-section-height-default\" data-id=\"208438e\" data-element_type=\"section\">\n\t\t\t\t\t\t<div class=\"elementor-container elementor-column-gap-default\">\n\t\t\t\t\t<div class=\"elementor-column elementor-col-50 elementor-inner-column elementor-element elementor-element-d34e8fd\" data-id=\"d34e8fd\" data-element_type=\"column\">\n\t\t\t<div class=\"elementor-widget-wrap elementor-element-populated\">\n\t\t\t\t\t\t<div class=\"elementor-element elementor-element-7e7c911 elementor-widget elementor-widget-image\" data-id=\"7e7c911\" data-element_type=\"widget\" data-widget_type=\"image.default\">\n\t\t\t\t<div class=\"elementor-widget-container\">\n\t\t\t\t\t\t\t\t\t\t\t\t\t\t\t\t<a href=\"https:\/\/www.animalixs.shop\/\" target=\"_blank\">\n\t\t\t\t\t\t\t<img decoding=\"async\" width=\"299\" height=\"75\" src=\"https:\/\/imima.de\/wp-content\/uploads\/2025\/11\/animalixs.png\" class=\"attachment-large size-large wp-image-3269\" alt=\"\" srcset=\"https:\/\/imima.de\/wp-content\/uploads\/2025\/11\/animalixs.png 299w, https:\/\/imima.de\/wp-content\/uploads\/2025\/11\/animalixs-18x5.png 18w\" sizes=\"(max-width: 299px) 100vw, 299px\" \/>\t\t\t\t\t\t\t\t<\/a>\n\t\t\t\t\t\t\t\t\t\t\t\t\t\t\t<\/div>\n\t\t\t\t<\/div>\n\t\t\t\t\t<\/div>\n\t\t<\/div>\n\t\t\t\t<div class=\"elementor-column elementor-col-50 elementor-inner-column elementor-element elementor-element-8991ce4\" data-id=\"8991ce4\" data-element_type=\"column\">\n\t\t\t<div class=\"elementor-widget-wrap elementor-element-populated\">\n\t\t\t\t\t\t<div class=\"elementor-element elementor-element-71e0250 elementor-invisible elementor-widget elementor-widget-heading\" data-id=\"71e0250\" data-element_type=\"widget\" data-settings=\"{&quot;_animation&quot;:&quot;fadeInUp&quot;}\" data-widget_type=\"heading.default\">\n\t\t\t\t<div class=\"elementor-widget-container\">\n\t\t\t\t\t<h2 class=\"elementor-heading-title elementor-size-default\">France, Netherlands, Belgium, Spain, United Kingdom, Italy, Denmark, Sweden<\/h2>\t\t\t\t<\/div>\n\t\t\t\t<\/div>\n\t\t\t\t<div class=\"elementor-element elementor-element-e7c40c3 elementor-widget elementor-widget-text-editor\" data-id=\"e7c40c3\" data-element_type=\"widget\" data-widget_type=\"text-editor.default\">\n\t\t\t\t<div class=\"elementor-widget-container\">\n\t\t\t\t\t\t\t\t\t<p>France, Netherlands, Belgium, Spain, United Kingdom, Italy, Denmark, Sweden<\/p>\t\t\t\t\t\t\t\t<\/div>\n\t\t\t\t<\/div>\n\t\t\t\t<div class=\"elementor-element elementor-element-43891d5 elementor-align-center elementor-widget__width-auto elementor-widget elementor-widget-button\" data-id=\"43891d5\" data-element_type=\"widget\" data-widget_type=\"button.default\">\n\t\t\t\t<div class=\"elementor-widget-container\">\n\t\t\t\t\t\t\t\t\t<div class=\"elementor-button-wrapper\">\n\t\t\t\t\t<a class=\"elementor-button elementor-button-link elementor-size-xs\" href=\"https:\/\/www.animalixs.shop\/\" target=\"_blank\">\n\t\t\t\t\t\t<span class=\"elementor-button-content-wrapper\">\n\t\t\t\t\t\t\t\t\t<span class=\"elementor-button-text\">Shop<\/span>\n\t\t\t\t\t<\/span>\n\t\t\t\t\t<\/a>\n\t\t\t\t<\/div>\n\t\t\t\t\t\t\t\t<\/div>\n\t\t\t\t<\/div>\n\t\t\t\t\t<\/div>\n\t\t<\/div>\n\t\t\t\t\t<\/div>\n\t\t<\/section>\n\t\t\t\t\t<\/div>\n\t\t<\/div>\n\t\t\t\t\t<\/div>\n\t\t<\/section>\n\t\t\t\t<\/div>","protected":false},"excerpt":{"rendered":"<p>Online Shop Unser Online-Shop Als Endkunde k\u00f6nnen Sie in unserem Online-Sho einkaufen zum Shop Shop Deutschland \/ Germany, \u00d6sterreich \/ Austria: Deutschland \/ Germany, \u00d6sterreich \/ Austria: Shop France, Netherlands, Belgium, Spain, United Kingdom, Italy, Denmark, Sweden France, Netherlands, Belgium, Spain, United Kingdom, Italy, Denmark, Sweden Shop<\/p>","protected":false},"author":1,"featured_media":0,"parent":0,"menu_order":0,"comment_status":"closed","ping_status":"closed","template":"elementor_header_footer","meta":{"_acf_changed":false,"footnotes":""},"class_list":["post-3259","page","type-page","status-publish","hentry"],"acf":[],"yoast_head":"<!-- This site is optimized with the Yoast SEO plugin v27.3 - https:\/\/yoast.com\/product\/yoast-seo-wordpress\/ -->\n<title>Shop - imima<\/title>\n<meta name=\"robots\" content=\"index, follow, max-snippet:-1, max-image-preview:large, max-video-preview:-1\" \/>\n<link rel=\"canonical\" href=\"https:\/\/imima.de\/pl\/shop\" \/>\n<meta property=\"og:locale\" content=\"pl_PL\" \/>\n<meta property=\"og:type\" content=\"article\" \/>\n<meta property=\"og:title\" content=\"Shop - imima\" \/>\n<meta property=\"og:description\" content=\"Online Shop Unser Online-Shop Als Endkunde k\u00f6nnen Sie in unserem Online-Sho einkaufen zum Shop Shop Deutschland \/ Germany, \u00d6sterreich \/ Austria: Deutschland \/ Germany, \u00d6sterreich \/ Austria: Shop France, Netherlands, Belgium, Spain, United Kingdom, Italy, Denmark, Sweden France, Netherlands, Belgium, Spain, United Kingdom, Italy, Denmark, Sweden Shop\" \/>\n<meta property=\"og:url\" content=\"https:\/\/imima.de\/pl\/shop\" \/>\n<meta property=\"og:site_name\" content=\"imima\" \/>\n<meta property=\"article:modified_time\" content=\"2025-11-13T15:12:21+00:00\" \/>\n<meta property=\"og:image\" content=\"https:\/\/imima.de\/wp-content\/uploads\/2022\/07\/3kg-lickblocks-WOP-500-4.jpg\" \/>\n\t<meta property=\"og:image:width\" content=\"500\" \/>\n\t<meta property=\"og:image:height\" content=\"500\" \/>\n\t<meta property=\"og:image:type\" content=\"image\/jpeg\" \/>\n<meta name=\"twitter:card\" content=\"summary_large_image\" \/>\n<meta name=\"twitter:label1\" content=\"Szacowany czas czytania\" \/>\n\t<meta name=\"twitter:data1\" content=\"1 minuta\" \/>\n<script type=\"application\/ld+json\" class=\"yoast-schema-graph\">{\"@context\":\"https:\\\/\\\/schema.org\",\"@graph\":[{\"@type\":\"WebPage\",\"@id\":\"https:\\\/\\\/imima.de\\\/shop\",\"url\":\"https:\\\/\\\/imima.de\\\/shop\",\"name\":\"Shop - imima\",\"isPartOf\":{\"@id\":\"https:\\\/\\\/imima.de\\\/en\\\/#website\"},\"primaryImageOfPage\":{\"@id\":\"https:\\\/\\\/imima.de\\\/shop#primaryimage\"},\"image\":{\"@id\":\"https:\\\/\\\/imima.de\\\/shop#primaryimage\"},\"thumbnailUrl\":\"https:\\\/\\\/imima.de\\\/wp-content\\\/uploads\\\/2022\\\/07\\\/3kg-lickblocks-WOP-500-4.jpg\",\"datePublished\":\"2025-11-07T14:01:49+00:00\",\"dateModified\":\"2025-11-13T15:12:21+00:00\",\"breadcrumb\":{\"@id\":\"https:\\\/\\\/imima.de\\\/shop#breadcrumb\"},\"inLanguage\":\"pl-PL\",\"potentialAction\":[{\"@type\":\"ReadAction\",\"target\":[\"https:\\\/\\\/imima.de\\\/shop\"]}]},{\"@type\":\"ImageObject\",\"inLanguage\":\"pl-PL\",\"@id\":\"https:\\\/\\\/imima.de\\\/shop#primaryimage\",\"url\":\"https:\\\/\\\/imima.de\\\/wp-content\\\/uploads\\\/2022\\\/07\\\/3kg-lickblocks-WOP-500-4.jpg\",\"contentUrl\":\"https:\\\/\\\/imima.de\\\/wp-content\\\/uploads\\\/2022\\\/07\\\/3kg-lickblocks-WOP-500-4.jpg\"},{\"@type\":\"BreadcrumbList\",\"@id\":\"https:\\\/\\\/imima.de\\\/shop#breadcrumb\",\"itemListElement\":[{\"@type\":\"ListItem\",\"position\":1,\"name\":\"Startseite\",\"item\":\"https:\\\/\\\/imima.de\\\/\"},{\"@type\":\"ListItem\",\"position\":2,\"name\":\"Shop\"}]},{\"@type\":\"WebSite\",\"@id\":\"https:\\\/\\\/imima.de\\\/en\\\/#website\",\"url\":\"https:\\\/\\\/imima.de\\\/en\\\/\",\"name\":\"imima\",\"description\":\"Your story, beautifully told - Created with WordPress managed by IONOS\",\"publisher\":{\"@id\":\"https:\\\/\\\/imima.de\\\/en\\\/#organization\"},\"potentialAction\":[{\"@type\":\"SearchAction\",\"target\":{\"@type\":\"EntryPoint\",\"urlTemplate\":\"https:\\\/\\\/imima.de\\\/en\\\/?s={search_term_string}\"},\"query-input\":{\"@type\":\"PropertyValueSpecification\",\"valueRequired\":true,\"valueName\":\"search_term_string\"}}],\"inLanguage\":\"pl-PL\"},{\"@type\":\"Organization\",\"@id\":\"https:\\\/\\\/imima.de\\\/en\\\/#organization\",\"name\":\"imima\",\"url\":\"https:\\\/\\\/imima.de\\\/en\\\/\",\"logo\":{\"@type\":\"ImageObject\",\"inLanguage\":\"pl-PL\",\"@id\":\"https:\\\/\\\/imima.de\\\/en\\\/#\\\/schema\\\/logo\\\/image\\\/\",\"url\":\"https:\\\/\\\/imima.de\\\/wp-content\\\/uploads\\\/2021\\\/12\\\/logo-transparent.png\",\"contentUrl\":\"https:\\\/\\\/imima.de\\\/wp-content\\\/uploads\\\/2021\\\/12\\\/logo-transparent.png\",\"width\":1193,\"height\":531,\"caption\":\"imima\"},\"image\":{\"@id\":\"https:\\\/\\\/imima.de\\\/en\\\/#\\\/schema\\\/logo\\\/image\\\/\"}}]}<\/script>\n<!-- \/ Yoast SEO plugin. -->","yoast_head_json":{"title":"Shop - imima","robots":{"index":"index","follow":"follow","max-snippet":"max-snippet:-1","max-image-preview":"max-image-preview:large","max-video-preview":"max-video-preview:-1"},"canonical":"https:\/\/imima.de\/pl\/shop","og_locale":"pl_PL","og_type":"article","og_title":"Shop - imima","og_description":"Online Shop Unser Online-Shop Als Endkunde k\u00f6nnen Sie in unserem Online-Sho einkaufen zum Shop Shop Deutschland \/ Germany, \u00d6sterreich \/ Austria: Deutschland \/ Germany, \u00d6sterreich \/ Austria: Shop France, Netherlands, Belgium, Spain, United Kingdom, Italy, Denmark, Sweden France, Netherlands, Belgium, Spain, United Kingdom, Italy, Denmark, Sweden Shop","og_url":"https:\/\/imima.de\/pl\/shop","og_site_name":"imima","article_modified_time":"2025-11-13T15:12:21+00:00","og_image":[{"width":500,"height":500,"url":"https:\/\/imima.de\/wp-content\/uploads\/2022\/07\/3kg-lickblocks-WOP-500-4.jpg","type":"image\/jpeg"}],"twitter_card":"summary_large_image","twitter_misc":{"Szacowany czas czytania":"1 minuta"},"schema":{"@context":"https:\/\/schema.org","@graph":[{"@type":"WebPage","@id":"https:\/\/imima.de\/shop","url":"https:\/\/imima.de\/shop","name":"Shop - imima","isPartOf":{"@id":"https:\/\/imima.de\/en\/#website"},"primaryImageOfPage":{"@id":"https:\/\/imima.de\/shop#primaryimage"},"image":{"@id":"https:\/\/imima.de\/shop#primaryimage"},"thumbnailUrl":"https:\/\/imima.de\/wp-content\/uploads\/2022\/07\/3kg-lickblocks-WOP-500-4.jpg","datePublished":"2025-11-07T14:01:49+00:00","dateModified":"2025-11-13T15:12:21+00:00","breadcrumb":{"@id":"https:\/\/imima.de\/shop#breadcrumb"},"inLanguage":"pl-PL","potentialAction":[{"@type":"ReadAction","target":["https:\/\/imima.de\/shop"]}]},{"@type":"ImageObject","inLanguage":"pl-PL","@id":"https:\/\/imima.de\/shop#primaryimage","url":"https:\/\/imima.de\/wp-content\/uploads\/2022\/07\/3kg-lickblocks-WOP-500-4.jpg","contentUrl":"https:\/\/imima.de\/wp-content\/uploads\/2022\/07\/3kg-lickblocks-WOP-500-4.jpg"},{"@type":"BreadcrumbList","@id":"https:\/\/imima.de\/shop#breadcrumb","itemListElement":[{"@type":"ListItem","position":1,"name":"Startseite","item":"https:\/\/imima.de\/"},{"@type":"ListItem","position":2,"name":"Shop"}]},{"@type":"WebSite","@id":"https:\/\/imima.de\/en\/#website","url":"https:\/\/imima.de\/en\/","name":"imima","description":"Twoja historia, pi\u0119knie opowiedziana - Stworzony za pomoc\u0105 WordPressa zarz\u0105dzanego przez IONOS","publisher":{"@id":"https:\/\/imima.de\/en\/#organization"},"potentialAction":[{"@type":"SearchAction","target":{"@type":"EntryPoint","urlTemplate":"https:\/\/imima.de\/en\/?s={search_term_string}"},"query-input":{"@type":"PropertyValueSpecification","valueRequired":true,"valueName":"search_term_string"}}],"inLanguage":"pl-PL"},{"@type":"Organization","@id":"https:\/\/imima.de\/en\/#organization","name":"imima","url":"https:\/\/imima.de\/en\/","logo":{"@type":"ImageObject","inLanguage":"pl-PL","@id":"https:\/\/imima.de\/en\/#\/schema\/logo\/image\/","url":"https:\/\/imima.de\/wp-content\/uploads\/2021\/12\/logo-transparent.png","contentUrl":"https:\/\/imima.de\/wp-content\/uploads\/2021\/12\/logo-transparent.png","width":1193,"height":531,"caption":"imima"},"image":{"@id":"https:\/\/imima.de\/en\/#\/schema\/logo\/image\/"}}]}},"_links":{"self":[{"href":"https:\/\/imima.de\/pl\/wp-json\/wp\/v2\/pages\/3259","targetHints":{"allow":["GET"]}}],"collection":[{"href":"https:\/\/imima.de\/pl\/wp-json\/wp\/v2\/pages"}],"about":[{"href":"https:\/\/imima.de\/pl\/wp-json\/wp\/v2\/types\/page"}],"author":[{"embeddable":true,"href":"https:\/\/imima.de\/pl\/wp-json\/wp\/v2\/users\/1"}],"replies":[{"embeddable":true,"href":"https:\/\/imima.de\/pl\/wp-json\/wp\/v2\/comments?post=3259"}],"version-history":[{"count":19,"href":"https:\/\/imima.de\/pl\/wp-json\/wp\/v2\/pages\/3259\/revisions"}],"predecessor-version":[{"id":3282,"href":"https:\/\/imima.de\/pl\/wp-json\/wp\/v2\/pages\/3259\/revisions\/3282"}],"wp:attachment":[{"href":"https:\/\/imima.de\/pl\/wp-json\/wp\/v2\/media?parent=3259"}],"curies":[{"name":"wp","href":"https:\/\/api.w.org\/{rel}","templated":true}]}}